{"id":6895,"date":"2026-04-29T17:32:41","date_gmt":"2026-04-29T20:32:41","guid":{"rendered":"https:\/\/saladacoordenadora.com.br\/site\/?page_id=6895"},"modified":"2026-04-29T17:54:10","modified_gmt":"2026-04-29T20:54:10","slug":"textos-que-acolhem-e-conectam","status":"publish","type":"page","link":"https:\/\/saladacoordenadora.com.br\/site\/textos-que-acolhem-e-conectam\/","title":{"rendered":"[LOJA] Textos que acolhem e conectam"},"content":{"rendered":"\n<div class=\"wp-block-group is-nowrap is-layout-flex wp-container-core-group-is-layout-ad2f72ca wp-block-group-is-layout-flex\">\n<div class=\"wp-block-group is-vertical is-layout-flex wp-container-core-group-is-layout-8cf370e7 wp-block-group-is-layout-flex\">\n<div class=\"wp-block-columns is-layout-flex wp-container-core-columns-is-layout-9d6595d7 wp-block-columns-is-layout-flex\">\n<div class=\"wp-block-column is-layout-flow wp-block-column-is-layout-flow\">\n<figure class=\"wp-block-image size-full is-resized\"><img fetchpriority=\"high\" decoding=\"async\" width=\"300\" height=\"250\" src=\"https:\/\/saladacoordenadora.com.br\/site\/wp-content\/uploads\/2026\/04\/Capa-de-produto-300-x-250-px.png\" alt=\"\" class=\"wp-image-6897\" style=\"width:415px;height:auto\"\/><\/figure>\n\n\n\n<figure class=\"wp-block-gallery has-nested-images columns-default is-cropped wp-block-gallery-1 is-layout-flex wp-block-gallery-is-layout-flex\">\n<figure class=\"wp-block-image size-large\"><img decoding=\"async\" width=\"1024\" height=\"640\" data-id=\"6899\" src=\"https:\/\/saladacoordenadora.com.br\/site\/wp-content\/uploads\/2026\/04\/Captura-de-Tela-2026-04-29-as-17.30.06-1024x640.png\" alt=\"\" class=\"wp-image-6899\" srcset=\"https:\/\/saladacoordenadora.com.br\/site\/wp-content\/uploads\/2026\/04\/Captura-de-Tela-2026-04-29-as-17.30.06-1024x640.png 1024w, https:\/\/saladacoordenadora.com.br\/site\/wp-content\/uploads\/2026\/04\/Captura-de-Tela-2026-04-29-as-17.30.06-300x188.png 300w, https:\/\/saladacoordenadora.com.br\/site\/wp-content\/uploads\/2026\/04\/Captura-de-Tela-2026-04-29-as-17.30.06-768x480.png 768w, https:\/\/saladacoordenadora.com.br\/site\/wp-content\/uploads\/2026\/04\/Captura-de-Tela-2026-04-29-as-17.30.06-1536x961.png 1536w, https:\/\/saladacoordenadora.com.br\/site\/wp-content\/uploads\/2026\/04\/Captura-de-Tela-2026-04-29-as-17.30.06-2048x1281.png 2048w, https:\/\/saladacoordenadora.com.br\/site\/wp-content\/uploads\/2026\/04\/Captura-de-Tela-2026-04-29-as-17.30.06-320x200.png 320w, https:\/\/saladacoordenadora.com.br\/site\/wp-content\/uploads\/2026\/04\/Captura-de-Tela-2026-04-29-as-17.30.06-600x375.png 600w\" sizes=\"(max-width: 1024px) 100vw, 1024px\" \/><figcaption class=\"wp-element-caption\">Vis\u00e3o da Plataforma<\/figcaption><\/figure>\n\n\n\n<figure class=\"wp-block-image size-large\"><img decoding=\"async\" width=\"320\" height=\"480\" data-id=\"6898\" src=\"https:\/\/saladacoordenadora.com.br\/site\/wp-content\/uploads\/2026\/04\/Capa-do-curso-e-modulo-320-x-480-px.png\" alt=\"\" class=\"wp-image-6898\" srcset=\"https:\/\/saladacoordenadora.com.br\/site\/wp-content\/uploads\/2026\/04\/Capa-do-curso-e-modulo-320-x-480-px.png 320w, https:\/\/saladacoordenadora.com.br\/site\/wp-content\/uploads\/2026\/04\/Capa-do-curso-e-modulo-320-x-480-px-200x300.png 200w\" sizes=\"(max-width: 320px) 100vw, 320px\" \/><figcaption class=\"wp-element-caption\">Produto<\/figcaption><\/figure>\n<\/figure>\n<\/div>\n\n\n\n<div class=\"wp-block-column is-layout-flow wp-block-column-is-layout-flow\">\n<h2 class=\"wp-block-heading\" id=\"h-textos-que-acolhem-e-conectam\">Textos que acolhem e conectam<\/h2>\n\n\n\n<h2 class=\"wp-block-heading has-cyan-bluish-gray-color has-text-color has-link-color wp-elements-671857cbea68d994343df1342294a6f4\" id=\"h-r-19\">R$19<\/h2>\n\n\n\n<p>Este material oferece uma curadoria de <strong>textos, din\u00e2micas e v\u00eddeos prontos<\/strong> para ajudar coordenadoras pedag\u00f3gicas a conduzirem reuni\u00f5es com mais conex\u00e3o, clareza e inten\u00e7\u00e3o. \u00c9 indicado para:<\/p>\n\n\n\n<ul class=\"wp-block-list\">\n<li>Realizar reuni\u00f5es pedag\u00f3gicas mais significativas com professores e fam\u00edlias;<\/li>\n\n\n\n<li>Acolher a equipe e promover reflex\u00f5es relevantes no cotidiano escolar;<\/li>\n\n\n\n<li>Conduzir encontros com mais seguran\u00e7a, sem improvisar o que dizer.<\/li>\n<\/ul>\n\n\n\n<p><strong>S\u00e3o +10 textos prontos, 2 din\u00e2micas e 3 v\u00eddeos de alto impacto. <\/strong><\/p>\n\n\n\n<p><strong>Todos os textos incluem:<\/strong> objetivo, como usar, como conduzir, o que observar, sugest\u00e3o de encaminhamento, material necess\u00e1rio para aplicar e dura\u00e7\u00e3o.<\/p>\n\n\n\n<p>Indicado para coordenadoras pedag\u00f3gicas, gestoras escolares e professoras que desejam conduzir reuni\u00f5es com mais sentido e conex\u00e3o.<\/p>\n\n\n\n<div class=\"wp-block-buttons is-layout-flex wp-block-buttons-is-layout-flex\">\n<div class=\"wp-block-button\"><a class=\"wp-block-button__link has-pale-pink-background-color has-background wp-element-button\" href=\"https:\/\/pay.kiwify.com.br\/jpH53bj\" style=\"border-radius:0px\" target=\"_blank\" rel=\"noreferrer noopener\">COMPRE AGORA<\/a><\/div>\n<\/div>\n<\/div>\n<\/div>\n<\/div>\n<\/div>\n","protected":false},"excerpt":{"rendered":"<p>Textos que acolhem e conectam R$19 Este material oferece uma curadoria de textos, din\u00e2micas e v\u00eddeos prontos para ajudar coordenadoras pedag\u00f3gicas a conduzirem reuni\u00f5es com mais conex\u00e3o, clareza e inten\u00e7\u00e3o. \u00c9 indicado para: S\u00e3o +10 textos prontos, 2 din\u00e2micas e 3 v\u00eddeos de alto impacto. Todos os textos incluem: objetivo, como usar, como conduzir, o &hellip; <\/p>\n","protected":false},"author":1,"featured_media":0,"parent":0,"menu_order":0,"comment_status":"closed","ping_status":"closed","template":"","meta":{"footnotes":""},"class_list":["post-6895","page","type-page","status-publish","hentry"],"yoast_head":"<!-- This site is optimized with the Yoast SEO Premium plugin v24.5 (Yoast SEO v27.5) - https:\/\/yoast.com\/product\/yoast-seo-premium-wordpress\/ -->\n<title>[LOJA] Textos que acolhem e conectam &#8212; Sala da Coordenadora<\/title>\n<meta name=\"robots\" content=\"index, follow, max-snippet:-1, max-image-preview:large, max-video-preview:-1\" \/>\n<link rel=\"canonical\" href=\"https:\/\/saladacoordenadora.com.br\/site\/textos-que-acolhem-e-conectam\/\" \/>\n<meta property=\"og:locale\" content=\"pt_BR\" \/>\n<meta property=\"og:type\" content=\"article\" \/>\n<meta property=\"og:title\" content=\"[LOJA] Textos que acolhem e conectam\" \/>\n<meta property=\"og:description\" content=\"Textos que acolhem e conectam R$19 Este material oferece uma curadoria de textos, din\u00e2micas e v\u00eddeos prontos para ajudar coordenadoras pedag\u00f3gicas a conduzirem reuni\u00f5es com mais conex\u00e3o, clareza e inten\u00e7\u00e3o. \u00c9 indicado para: S\u00e3o +10 textos prontos, 2 din\u00e2micas e 3 v\u00eddeos de alto impacto. Todos os textos incluem: objetivo, como usar, como conduzir, o &hellip;\" \/>\n<meta property=\"og:url\" content=\"https:\/\/saladacoordenadora.com.br\/site\/textos-que-acolhem-e-conectam\/\" \/>\n<meta property=\"og:site_name\" content=\"Sala da Coordenadora\" \/>\n<meta property=\"article:publisher\" content=\"https:\/\/www.facebook.com\/saladacoordenadora\/\" \/>\n<meta property=\"article:modified_time\" content=\"2026-04-29T20:54:10+00:00\" \/>\n<meta property=\"og:image\" content=\"https:\/\/saladacoordenadora.com.br\/site\/wp-content\/uploads\/2026\/04\/Capa-de-produto-300-x-250-px.png\" \/>\n\t<meta property=\"og:image:width\" content=\"300\" \/>\n\t<meta property=\"og:image:height\" content=\"250\" \/>\n\t<meta property=\"og:image:type\" content=\"image\/png\" \/>\n<meta name=\"twitter:card\" content=\"summary_large_image\" \/>\n<meta name=\"twitter:label1\" content=\"Est. tempo de leitura\" \/>\n\t<meta name=\"twitter:data1\" content=\"2 minutos\" \/>\n<script type=\"application\/ld+json\" class=\"yoast-schema-graph\">{\"@context\":\"https:\\\/\\\/schema.org\",\"@graph\":[{\"@type\":\"WebPage\",\"@id\":\"https:\\\/\\\/saladacoordenadora.com.br\\\/site\\\/textos-que-acolhem-e-conectam\\\/\",\"url\":\"https:\\\/\\\/saladacoordenadora.com.br\\\/site\\\/textos-que-acolhem-e-conectam\\\/\",\"name\":\"[LOJA] Textos que acolhem e conectam &#8212; Sala da Coordenadora\",\"isPartOf\":{\"@id\":\"https:\\\/\\\/saladacoordenadora.com.br\\\/site\\\/#website\"},\"primaryImageOfPage\":{\"@id\":\"https:\\\/\\\/saladacoordenadora.com.br\\\/site\\\/textos-que-acolhem-e-conectam\\\/#primaryimage\"},\"image\":{\"@id\":\"https:\\\/\\\/saladacoordenadora.com.br\\\/site\\\/textos-que-acolhem-e-conectam\\\/#primaryimage\"},\"thumbnailUrl\":\"https:\\\/\\\/saladacoordenadora.com.br\\\/site\\\/wp-content\\\/uploads\\\/2026\\\/04\\\/Capa-de-produto-300-x-250-px.png\",\"datePublished\":\"2026-04-29T20:32:41+00:00\",\"dateModified\":\"2026-04-29T20:54:10+00:00\",\"breadcrumb\":{\"@id\":\"https:\\\/\\\/saladacoordenadora.com.br\\\/site\\\/textos-que-acolhem-e-conectam\\\/#breadcrumb\"},\"inLanguage\":\"pt-BR\",\"potentialAction\":[{\"@type\":\"ReadAction\",\"target\":[\"https:\\\/\\\/saladacoordenadora.com.br\\\/site\\\/textos-que-acolhem-e-conectam\\\/\"]}]},{\"@type\":\"ImageObject\",\"inLanguage\":\"pt-BR\",\"@id\":\"https:\\\/\\\/saladacoordenadora.com.br\\\/site\\\/textos-que-acolhem-e-conectam\\\/#primaryimage\",\"url\":\"https:\\\/\\\/saladacoordenadora.com.br\\\/site\\\/wp-content\\\/uploads\\\/2026\\\/04\\\/Capa-de-produto-300-x-250-px.png\",\"contentUrl\":\"https:\\\/\\\/saladacoordenadora.com.br\\\/site\\\/wp-content\\\/uploads\\\/2026\\\/04\\\/Capa-de-produto-300-x-250-px.png\",\"width\":300,\"height\":250},{\"@type\":\"BreadcrumbList\",\"@id\":\"https:\\\/\\\/saladacoordenadora.com.br\\\/site\\\/textos-que-acolhem-e-conectam\\\/#breadcrumb\",\"itemListElement\":[{\"@type\":\"ListItem\",\"position\":1,\"name\":\"In\u00edcio\",\"item\":\"https:\\\/\\\/saladacoordenadora.com.br\\\/site\\\/\"},{\"@type\":\"ListItem\",\"position\":2,\"name\":\"[LOJA] Textos que acolhem e conectam\"}]},{\"@type\":\"WebSite\",\"@id\":\"https:\\\/\\\/saladacoordenadora.com.br\\\/site\\\/#website\",\"url\":\"https:\\\/\\\/saladacoordenadora.com.br\\\/site\\\/\",\"name\":\"Sala da Coordenadora\",\"description\":\"por Mariana Tombolato\",\"publisher\":{\"@id\":\"https:\\\/\\\/saladacoordenadora.com.br\\\/site\\\/#organization\"},\"potentialAction\":[{\"@type\":\"SearchAction\",\"target\":{\"@type\":\"EntryPoint\",\"urlTemplate\":\"https:\\\/\\\/saladacoordenadora.com.br\\\/site\\\/?s={search_term_string}\"},\"query-input\":{\"@type\":\"PropertyValueSpecification\",\"valueRequired\":true,\"valueName\":\"search_term_string\"}}],\"inLanguage\":\"pt-BR\"},{\"@type\":\"Organization\",\"@id\":\"https:\\\/\\\/saladacoordenadora.com.br\\\/site\\\/#organization\",\"name\":\"Sala da Coordenadora\",\"url\":\"https:\\\/\\\/saladacoordenadora.com.br\\\/site\\\/\",\"logo\":{\"@type\":\"ImageObject\",\"inLanguage\":\"pt-BR\",\"@id\":\"https:\\\/\\\/saladacoordenadora.com.br\\\/site\\\/#\\\/schema\\\/logo\\\/image\\\/\",\"url\":\"https:\\\/\\\/saladacoordenadora.com.br\\\/site\\\/wp-content\\\/uploads\\\/2024\\\/09\\\/icon.png\",\"contentUrl\":\"https:\\\/\\\/saladacoordenadora.com.br\\\/site\\\/wp-content\\\/uploads\\\/2024\\\/09\\\/icon.png\",\"width\":510,\"height\":434,\"caption\":\"Sala da Coordenadora\"},\"image\":{\"@id\":\"https:\\\/\\\/saladacoordenadora.com.br\\\/site\\\/#\\\/schema\\\/logo\\\/image\\\/\"},\"sameAs\":[\"https:\\\/\\\/www.facebook.com\\\/saladacoordenadora\\\/\",\"https:\\\/\\\/www.instagram.com\\\/saladacoordenadora\\\/\"],\"description\":\"Solu\u00e7\u00f5es em Gest\u00e3o Escolar\",\"email\":\"mariana@saladacoordenadora.com.br\",\"telephone\":\"(14)\u00a099836\u20118687\u202c\",\"legalName\":\"Sala da Coordenadora Ensino & Educa\u00e7\u00e3o\",\"foundingDate\":\"2020-08-05\",\"vatID\":\"37.983.407\\\/0001-96\"}]}<\/script>\n<!-- \/ Yoast SEO Premium plugin. -->","yoast_head_json":{"title":"[LOJA] Textos que acolhem e conectam &#8212; Sala da Coordenadora","robots":{"index":"index","follow":"follow","max-snippet":"max-snippet:-1","max-image-preview":"max-image-preview:large","max-video-preview":"max-video-preview:-1"},"canonical":"https:\/\/saladacoordenadora.com.br\/site\/textos-que-acolhem-e-conectam\/","og_locale":"pt_BR","og_type":"article","og_title":"[LOJA] Textos que acolhem e conectam","og_description":"Textos que acolhem e conectam R$19 Este material oferece uma curadoria de textos, din\u00e2micas e v\u00eddeos prontos para ajudar coordenadoras pedag\u00f3gicas a conduzirem reuni\u00f5es com mais conex\u00e3o, clareza e inten\u00e7\u00e3o. \u00c9 indicado para: S\u00e3o +10 textos prontos, 2 din\u00e2micas e 3 v\u00eddeos de alto impacto. Todos os textos incluem: objetivo, como usar, como conduzir, o &hellip;","og_url":"https:\/\/saladacoordenadora.com.br\/site\/textos-que-acolhem-e-conectam\/","og_site_name":"Sala da Coordenadora","article_publisher":"https:\/\/www.facebook.com\/saladacoordenadora\/","article_modified_time":"2026-04-29T20:54:10+00:00","og_image":[{"width":300,"height":250,"url":"https:\/\/saladacoordenadora.com.br\/site\/wp-content\/uploads\/2026\/04\/Capa-de-produto-300-x-250-px.png","type":"image\/png"}],"twitter_card":"summary_large_image","twitter_misc":{"Est. tempo de leitura":"2 minutos"},"schema":{"@context":"https:\/\/schema.org","@graph":[{"@type":"WebPage","@id":"https:\/\/saladacoordenadora.com.br\/site\/textos-que-acolhem-e-conectam\/","url":"https:\/\/saladacoordenadora.com.br\/site\/textos-que-acolhem-e-conectam\/","name":"[LOJA] Textos que acolhem e conectam &#8212; Sala da Coordenadora","isPartOf":{"@id":"https:\/\/saladacoordenadora.com.br\/site\/#website"},"primaryImageOfPage":{"@id":"https:\/\/saladacoordenadora.com.br\/site\/textos-que-acolhem-e-conectam\/#primaryimage"},"image":{"@id":"https:\/\/saladacoordenadora.com.br\/site\/textos-que-acolhem-e-conectam\/#primaryimage"},"thumbnailUrl":"https:\/\/saladacoordenadora.com.br\/site\/wp-content\/uploads\/2026\/04\/Capa-de-produto-300-x-250-px.png","datePublished":"2026-04-29T20:32:41+00:00","dateModified":"2026-04-29T20:54:10+00:00","breadcrumb":{"@id":"https:\/\/saladacoordenadora.com.br\/site\/textos-que-acolhem-e-conectam\/#breadcrumb"},"inLanguage":"pt-BR","potentialAction":[{"@type":"ReadAction","target":["https:\/\/saladacoordenadora.com.br\/site\/textos-que-acolhem-e-conectam\/"]}]},{"@type":"ImageObject","inLanguage":"pt-BR","@id":"https:\/\/saladacoordenadora.com.br\/site\/textos-que-acolhem-e-conectam\/#primaryimage","url":"https:\/\/saladacoordenadora.com.br\/site\/wp-content\/uploads\/2026\/04\/Capa-de-produto-300-x-250-px.png","contentUrl":"https:\/\/saladacoordenadora.com.br\/site\/wp-content\/uploads\/2026\/04\/Capa-de-produto-300-x-250-px.png","width":300,"height":250},{"@type":"BreadcrumbList","@id":"https:\/\/saladacoordenadora.com.br\/site\/textos-que-acolhem-e-conectam\/#breadcrumb","itemListElement":[{"@type":"ListItem","position":1,"name":"In\u00edcio","item":"https:\/\/saladacoordenadora.com.br\/site\/"},{"@type":"ListItem","position":2,"name":"[LOJA] Textos que acolhem e conectam"}]},{"@type":"WebSite","@id":"https:\/\/saladacoordenadora.com.br\/site\/#website","url":"https:\/\/saladacoordenadora.com.br\/site\/","name":"Sala da Coordenadora","description":"por Mariana Tombolato","publisher":{"@id":"https:\/\/saladacoordenadora.com.br\/site\/#organization"},"potentialAction":[{"@type":"SearchAction","target":{"@type":"EntryPoint","urlTemplate":"https:\/\/saladacoordenadora.com.br\/site\/?s={search_term_string}"},"query-input":{"@type":"PropertyValueSpecification","valueRequired":true,"valueName":"search_term_string"}}],"inLanguage":"pt-BR"},{"@type":"Organization","@id":"https:\/\/saladacoordenadora.com.br\/site\/#organization","name":"Sala da Coordenadora","url":"https:\/\/saladacoordenadora.com.br\/site\/","logo":{"@type":"ImageObject","inLanguage":"pt-BR","@id":"https:\/\/saladacoordenadora.com.br\/site\/#\/schema\/logo\/image\/","url":"https:\/\/saladacoordenadora.com.br\/site\/wp-content\/uploads\/2024\/09\/icon.png","contentUrl":"https:\/\/saladacoordenadora.com.br\/site\/wp-content\/uploads\/2024\/09\/icon.png","width":510,"height":434,"caption":"Sala da Coordenadora"},"image":{"@id":"https:\/\/saladacoordenadora.com.br\/site\/#\/schema\/logo\/image\/"},"sameAs":["https:\/\/www.facebook.com\/saladacoordenadora\/","https:\/\/www.instagram.com\/saladacoordenadora\/"],"description":"Solu\u00e7\u00f5es em Gest\u00e3o Escolar","email":"mariana@saladacoordenadora.com.br","telephone":"(14)\u00a099836\u20118687\u202c","legalName":"Sala da Coordenadora Ensino & Educa\u00e7\u00e3o","foundingDate":"2020-08-05","vatID":"37.983.407\/0001-96"}]}},"_links":{"self":[{"href":"https:\/\/saladacoordenadora.com.br\/site\/wp-json\/wp\/v2\/pages\/6895","targetHints":{"allow":["GET"]}}],"collection":[{"href":"https:\/\/saladacoordenadora.com.br\/site\/wp-json\/wp\/v2\/pages"}],"about":[{"href":"https:\/\/saladacoordenadora.com.br\/site\/wp-json\/wp\/v2\/types\/page"}],"author":[{"embeddable":true,"href":"https:\/\/saladacoordenadora.com.br\/site\/wp-json\/wp\/v2\/users\/1"}],"replies":[{"embeddable":true,"href":"https:\/\/saladacoordenadora.com.br\/site\/wp-json\/wp\/v2\/comments?post=6895"}],"version-history":[{"count":5,"href":"https:\/\/saladacoordenadora.com.br\/site\/wp-json\/wp\/v2\/pages\/6895\/revisions"}],"predecessor-version":[{"id":6908,"href":"https:\/\/saladacoordenadora.com.br\/site\/wp-json\/wp\/v2\/pages\/6895\/revisions\/6908"}],"wp:attachment":[{"href":"https:\/\/saladacoordenadora.com.br\/site\/wp-json\/wp\/v2\/media?parent=6895"}],"curies":[{"name":"wp","href":"https:\/\/api.w.org\/{rel}","templated":true}]}}