{"id":6571,"date":"2025-10-18T17:47:05","date_gmt":"2025-10-18T20:47:05","guid":{"rendered":"https:\/\/saladacoordenadora.com.br\/site\/?page_id=6571"},"modified":"2026-04-29T17:47:10","modified_gmt":"2026-04-29T20:47:10","slug":"loja","status":"publish","type":"page","link":"https:\/\/saladacoordenadora.com.br\/site\/loja\/","title":{"rendered":"Loja do Sala da Coordenadora"},"content":{"rendered":"\n<style>\n\/* Reset e Base *\/\n* {\n    margin: 0;\n    padding: 0;\n    box-sizing: border-box;\n}\n\nhtml {\n    scroll-behavior: smooth;\n}\n\nbody {\n    font-family: 'Inter', sans-serif;\n    line-height: 1.6;\n    color: #2C3E50;\n    background-color: white; \/* Alterado para branco *\/\n}\n\n.container {\n    max-width: 1200px;\n    margin: 0 auto;\n    padding: 0 20px;\n}\n\n\/* Tipografia *\/\nh1, h2, h3, h4, h5, h6 {\n    font-family: 'Poppins', sans-serif;\n    font-weight: 600;\n    line-height: 1.2;\n    margin-bottom: 1rem;\n}\n\n\/* Bot\u00f5es *\/\n.btn-primary {\n    background: #962c2c; \/* Cor principal para bot\u00f5es de compra *\/\n    color: white;\n    border: none;\n    padding: 12px 24px;\n    border-radius: 8px;\n    font-weight: 600;\n    cursor: pointer;\n    transition: all 0.3s ease;\n    display: inline-flex;\n    align-items: center;\n    gap: 0.5rem;\n    text-decoration: none;\n    font-size: 14px;\n}\n\n.btn-primary:hover {\n    transform: translateY(-2px);\n    box-shadow: 0 8px 25px rgba(150, 44, 44, 0.3); \/* Sombra com a cor principal *\/\n}\n\n.btn-secondary {\n    background: transparent;\n    color: #161a40; \/* Cor secund\u00e1ria para bot\u00f5es de detalhes *\/\n    border: 2px solid #161a40;\n    padding: 10px 20px;\n    border-radius: 8px;\n    font-weight: 500;\n    cursor: pointer;\n    transition: all 0.3s ease;\n    display: inline-flex;\n    align-items: center;\n    gap: 0.5rem;\n    text-decoration: none;\n    font-size: 14px;\n}\n\n.btn-secondary:hover {\n    background: #161a40;\n    color: white;\n}\n\n\/* Hero Section *\/\n.hero-section {\n    background: white; \/* Alterado para branco *\/\n    padding: 60px 0;\n    border-bottom: 1px solid #DEE2E6;\n}\n\n.hero-content {\n    text-align: center;\n    max-width: 800px;\n    margin: 0 auto;\n}\n\n.hero-title {\n    font-size: 3rem;\n    font-weight: 700;\n    color: #161a40; \/* Cor principal *\/\n    margin-bottom: 1rem;\n}\n\n.hero-subtitle {\n    font-size: 1.25rem;\n    color: #6C757D;\n    margin-bottom: 3rem;\n}\n\n\/* Produtos Section *\/\n.products-section {\n    padding: 80px 0;\n}\n\n.products-grid {\n    display: grid;\n    grid-template-columns: repeat(auto-fit, minmax(320px, 1fr));\n    gap: 2rem;\n    margin-top: 2rem;\n}\n\n\/* Product Cards *\/\n.product-card {\n    background: white;\n    border-radius: 16px;\n    overflow: hidden;\n    box-shadow: 0 4px 20px rgba(0, 0, 0, 0.08);\n    transition: all 0.3s ease;\n    position: relative;\n}\n\n.product-card:hover {\n    transform: translateY(-8px);\n    box-shadow: 0 12px 40px rgba(0, 0, 0, 0.15);\n}\n\n.product-image {\n    position: relative;\n    height: 250px;\n    overflow: hidden;\n}\n\n.product-image img {\n    width: 100%;\n    height: 100%;\n    object-fit: cover;\n    transition: transform 0.3s ease;\n}\n\n.product-card:hover .product-image img {\n    transform: scale(1.05);\n}\n\n.product-info {\n    padding: 1.5rem;\n}\n\n.product-title {\n    font-size: 1.25rem;\n    font-weight: 600;\n    color: #161a40;\n    margin-bottom: 0.5rem;\n}\n\n.product-description {\n    color: #6C757D;\n    font-size: 14px;\n    line-height: 1.5;\n    margin-bottom: 1rem;\n}\n\n.product-price {\n    margin-bottom: 1.5rem;\n}\n\n.current-price {\n    font-size: 1.5rem;\n    font-weight: 700;\n    color: #962c2c;\n}\n\n.original-price {\n    font-size: 1rem;\n    color: #6C757D;\n    text-decoration: line-through;\n    margin-right: 0.5rem;\n}\n\n\/* Responsividade *\/\n@media (max-width: 768px) {\n    .hero-title {\n        font-size: 2rem;\n    }\n    \n    .hero-subtitle {\n        font-size: 1rem;\n    }\n    \n    .products-grid {\n        grid-template-columns: 1fr;\n        gap: 1.5rem;\n    }\n    \n    .product-actions {\n        flex-direction: column;\n    }\n}\n\n@media (max-width: 480px) {\n    .container {\n        padding: 0 15px;\n    }\n    \n    .hero-section {\n        padding: 40px 0;\n    }\n    \n    .products-section {\n        padding: 40px 0;\n    }\n    \n    .product-card {\n        margin: 0 10px;\n    }\n}\n<\/style>\n\n\n\n<!DOCTYPE html>\n<html lang=\"pt-BR\">\n  <head>\n    <meta charset=\"UTF-8\" \/>\n    <meta name=\"viewport\" content=\"width=device-width, initial-scale=1.0\" \/>\n    <title>Loja &#8211; Sala da Coordenadora<\/title>\n    <link rel=\"preconnect\" href=\"https:\/\/fonts.googleapis.com\" \/>\n    <link rel=\"preconnect\" href=\"https:\/\/fonts.gstatic.com\" crossorigin \/>\n    <link\n      href=\"https:\/\/fonts.googleapis.com\/css2?family=Inter:wght@300;400;500;600;700&#038;family=Poppins:wght@400;500;600;700&#038;display=swap\"\n      rel=\"stylesheet\"\n    \/>\n    <link\n      rel=\"stylesheet\"\n      href=\"https:\/\/cdnjs.cloudflare.com\/ajax\/libs\/font-awesome\/6.4.0\/css\/all.min.css\"\n    \/>\n    <link rel=\"stylesheet\" href=\"styles.css\" \/>\n  <\/head>\n  <body>\n    <!-- Nota: O header do WordPress ser\u00e1 mantido -->\n\n    <!-- Hero Section -->\n    <section class=\"hero-section\">\n      <!DOCTYPE html>\n      <html lang=\"pt-BR\">\n        <head>\n          <meta charset=\"UTF-8\" \/>\n          <meta\n            name=\"viewport\"\n            content=\"width=device-width, initial-scale=1.0\"\n          \/>\n          <title>Loja &#8211; Sala da Coordenadora<\/title>\n          <link rel=\"preconnect\" href=\"https:\/\/fonts.googleapis.com\" \/>\n          <link rel=\"preconnect\" href=\"https:\/\/fonts.gstatic.com\" crossorigin \/>\n          <link\n            href=\"https:\/\/fonts.googleapis.com\/css2?family=Inter:wght@300;400;500;600;700&#038;family=Poppins:wght@400;500;600;700&#038;display=swap\"\n            rel=\"stylesheet\"\n          \/>\n          <link\n            rel=\"stylesheet\"\n            href=\"https:\/\/cdnjs.cloudflare.com\/ajax\/libs\/font-awesome\/6.4.0\/css\/all.min.css\"\n          \/>\n          <link rel=\"stylesheet\" href=\"styles.css\" \/>\n        <\/head>\n        <body>\n          <!-- Nota: O header do WordPress ser\u00e1 mantido. Esta p\u00e1gina n\u00e3o ter\u00e1 header pr\u00f3prio. -->\n\n          <!-- Hero Section (simplificada para a loja) -->\n          <section class=\"hero-section\">\n            <div class=\"container\">\n              <div class=\"hero-content\">\n                <h1 class=\"hero-title\">Nossos Materiais<\/h1>\n                <p class=\"hero-subtitle\">\n                  Solu\u00e7\u00f5es pr\u00e1ticas e eficazes para a sua coordena\u00e7\u00e3o\n                  pedag\u00f3gica.\n                <\/p>\n              <\/div>\n            <\/div>\n          <\/section>\n\n          <!-- Produtos Section -->\n          <section class=\"products-section\">\n            <div class=\"container\">\n              <div class=\"products-grid\" id=\"productsGrid\">\n\n\n                <!-- Produto 1: Textos que acolhem e conectam -->\n                <div class=\"product-card\" data-category=\"kit\">\n                  <div class=\"product-image\">\n                    <img decoding=\"async\"\n                      src=\"https:\/\/saladacoordenadora.com.br\/site\/wp-content\/uploads\/2026\/04\/Capa-de-produto-300-x-250-px.png\"\n                      alt=\"Textos que acolhem e conectam\"\n                    \/>\n                  <\/div>\n                  <div class=\"product-info\">\n                    <h3 class=\"product-title\">\n                      Textos que acolhem e conectam\n                    <\/h3>\n                    <p class=\"product-description\">\n                      Colet\u00e2nea de textos prontos para reuni\u00f5es de pais e professores, focados em conex\u00e3o e reflex\u00e3o.\n                    <\/p>\n                    <div class=\"product-price\">\n                      <span class=\"current-price\">R$ 19<\/span>\n                    <\/div>\n                    <div class=\"product-actions\">\n                      <a\n                        href=\"https:\/\/pay.kiwify.com.br\/jpH53bj\"\n                        target=\"_blank\"\n                        class=\"btn-primary\"\n                      >\n                        Comprar Agora\n                      <\/a>\n                      <a\n                        href=\"https:\/\/saladacoordenadora.com.br\/site\/textos-que-acolhem-e-conectam\/\"\n                        class=\"btn-secondary\"\n                      >\n                        Saiba Mais\n                      <\/a>\n                    <\/div>\n                  <\/div>\n                <\/div>\n\n\n                <!-- Produto 2: Guia da Forma\u00e7\u00e3o Continuada -->\n                <div class=\"product-card\" data-category=\"guia\">\n                  <div class=\"product-image\">\n                    <img decoding=\"async\"\n                      src=\"https:\/\/saladacoordenadora.com.br\/site\/wp-content\/uploads\/2024\/10\/mockup-capa.png\"\n                      alt=\"Guia Pr\u00e1tico da Forma\u00e7\u00e3o Continuada\"\n                    \/>\n                  <\/div>\n                  <div class=\"product-info\">\n                    <h3 class=\"product-title\">\n                      Guia Pr\u00e1tico da Forma\u00e7\u00e3o Continuada\n                    <\/h3>\n                    <p class=\"product-description\">\n                      4 forma\u00e7\u00f5es de professores prontas com pauta.\n                    <\/p>\n                    <div class=\"product-price\">\n                      <span class=\"current-price\">R$ 23,90<\/span>\n                    <\/div>\n                    <div class=\"product-actions\">\n                      <a\n                        href=\"https:\/\/pay.kiwify.com.br\/rKfOAkG\"\n                        target=\"_blank\"\n                        class=\"btn-primary\"\n                      >\n                        Comprar Agora\n                      <\/a>\n                      <a\n                        href=\"https:\/\/saladacoordenadora.com.br\/site\/guia-pratico\/\"\n                        class=\"btn-secondary\"\n                      >\n                        Saiba Mais\n                      <\/a>\n                    <\/div>\n                  <\/div>\n                <\/div>\n\n                <!-- Produto 3: Kit S.O.S. -->\n                <div class=\"product-card\" data-category=\"kit\">\n                  <div class=\"product-image\">\n                    <img decoding=\"async\"\n                      src=\"https:\/\/saladacoordenadora.com.br\/site\/wp-content\/uploads\/2025\/10\/smartmockups_l8f1sn2i.jpeg\"\n                      alt=\"Kit S.O.S. Coordena\u00e7\u00e3o Pedag\u00f3gica\"\n                    \/>\n                  <\/div>\n                  <div class=\"product-info\">\n                    <h3 class=\"product-title\">\n                      Kit S.O.S. Coordena\u00e7\u00e3o Pedag\u00f3gica\n                    <\/h3>\n                    <p class=\"product-description\">\n                      O kit completo para uma gest\u00e3o escolar organizada e\n                      eficiente.\n                    <\/p>\n                    <div class=\"product-price\">\n                      <span class=\"current-price\">R$ 297,00<\/span>\n                    <\/div>\n                    <div class=\"product-actions\">\n                      <a\n                        href=\"https:\/\/pay.kiwify.com.br\/dVI11Ja\"\n                        target=\"_blank\"\n                        class=\"btn-primary\"\n                      >\n                        Comprar Agora\n                      <\/a>\n                      <a\n                        href=\"https:\/\/saladacoordenadora.com.br\/site\/kit-sos-coordenacao\/\"\n                        class=\"btn-secondary\"\n                      >\n                        Saiba Mais\n                      <\/a>\n                    <\/div>\n                  <\/div>\n                <\/div>\n\n                <!-- Produto 4: Sondagem da Escrita -->\n                <div class=\"product-card\" data-category=\"ferramenta\">\n                  <div class=\"product-image\">\n                    <img decoding=\"async\"\n                      src=\"https:\/\/saladacoordenadora.com.br\/site\/wp-content\/uploads\/2022\/02\/smartmockups_kzoui1dg.jpeg\"\n                      alt=\"Sondagem da Escrita\"\n                    \/>\n                  <\/div>\n                  <div class=\"product-info\">\n                    <h3 class=\"product-title\">Sondagem da Escrita<\/h3>\n                    <p class=\"product-description\">\n                      Avalie e acompanhe o desenvolvimento da escrita dos seus\n                      alunos.\n                    <\/p>\n                    <div class=\"product-price\">\n                      <span class=\"current-price\">R$ 23,90<\/span>\n                    <\/div>\n                    <div class=\"product-actions\">\n                      <a\n                        href=\"https:\/\/pay.kiwify.com.br\/TqYQn34\"\n                        target=\"_blank\"\n                        class=\"btn-primary\"\n                      >\n                        Comprar Agora\n                      <\/a>\n                      <a\n                        href=\"https:\/\/saladacoordenadora.com.br\/site\/sondagem-da-escrita\"\n                        class=\"btn-secondary\"\n                      >\n                        Saiba Mais\n                      <\/a>\n                    <\/div>\n                  <\/div>\n                <\/div>\n\n                <!-- Produto 5: Mapa da \u00daltima Forma\u00e7\u00e3o -->\n                <div class=\"product-card\" data-category=\"ferramenta\">\n                  <div class=\"product-image\">\n                    <img decoding=\"async\"\n                      src=\"https:\/\/saladacoordenadora.com.br\/site\/wp-content\/uploads\/2025\/11\/CAPA_2-scaled.jpg\"\n                      alt=\"Mapa da \u00daltima Forma\u00e7\u00e3o\"\n                    \/>\n                  <\/div>\n                  <div class=\"product-info\">\n                    <h3 class=\"product-title\">Mapa da \u00daltima Forma\u00e7\u00e3o<\/h3>\n                    <p class=\"product-description\">\n                      Finalize o ano letivo com uma forma\u00e7\u00e3o continuada\n                      memor\u00e1vel.\n                    <\/p>\n                    <div class=\"product-price\">\n                      <span class=\"current-price\">R$ 27,90<\/span>\n                    <\/div>\n                    <div class=\"product-actions\">\n                      <a\n                        href=\"https:\/\/pay.kiwify.com.br\/UGzkV3J\"\n                        target=\"_blank\"\n                        class=\"btn-primary\"\n                      >\n                        Comprar Agora\n                      <\/a>\n                      <a\n                        href=\"https:\/\/saladacoordenadora.com.br\/site\/loja-mapa-da-ultima-formacao\/\"\n                        class=\"btn-secondary\"\n                      >\n                        Saiba Mais\n                      <\/a>\n                    <\/div>\n                  <\/div>\n                <\/div>\n\n                <!-- Produto 6: Planner 2026 -->\n                <div class=\"product-card\" data-category=\"ferramenta\">\n                  <div class=\"product-image\">\n                    <img decoding=\"async\"\n                      src=\"https:\/\/saladacoordenadora.com.br\/site\/wp-content\/uploads\/2025\/12\/capa-da-loja-site.png\"\n                      alt=\"Planner Digital 2026\"\n                    \/>\n                  <\/div>\n                  <div class=\"product-info\">\n                    <h3 class=\"product-title\">Planner Digital 2026<\/h3>\n                    <p class=\"product-description\">\n                      Ferramenta perfeita para coordenadoras pedag\u00f3gicas que\n                      desejam conciliar organiza\u00e7\u00e3o profissional e pessoal.\n                    <\/p>\n                    <div class=\"product-price\">\n                      <span class=\"current-price\">R$ 69,90<\/span>\n                    <\/div>\n                    <div class=\"product-actions\">\n                      <a\n                        href=\"https:\/\/pay.kiwify.com.br\/y1M6bZB\"\n                        target=\"_blank\"\n                        class=\"btn-primary\"\n                      >\n                        Comprar Agora\n                      <\/a>\n                      <a\n                        href=\"https:\/\/saladacoordenadora.com.br\/site\/planner-digital\/\"\n                        class=\"btn-secondary\"\n                      >\n                        Saiba Mais\n                      <\/a>\n                    <\/div>\n                  <\/div>\n                <\/div>\n              <\/div>\n            <\/div>\n          <\/section>\n        <\/body>\n      <\/html>\n    <\/section>\n  <\/body>\n<\/html>\n\n\n\n\n<figure class=\"wp-block-gallery has-nested-images columns-default is-cropped wp-block-gallery-1 is-layout-flex wp-block-gallery-is-layout-flex\"><\/figure>\n","protected":false},"excerpt":{"rendered":"<p>Loja &#8211; Sala da Coordenadora Loja &#8211; Sala da Coordenadora Nossos Materiais Solu\u00e7\u00f5es pr\u00e1ticas e eficazes para a sua coordena\u00e7\u00e3o pedag\u00f3gica. Textos que acolhem e conectam Colet\u00e2nea de textos prontos para reuni\u00f5es de pais e professores, focados em conex\u00e3o e reflex\u00e3o. R$ 19 Comprar Agora Saiba Mais Guia Pr\u00e1tico da Forma\u00e7\u00e3o Continuada 4 forma\u00e7\u00f5es de &hellip; <\/p>\n","protected":false},"author":1,"featured_media":0,"parent":0,"menu_order":0,"comment_status":"closed","ping_status":"closed","template":"elementor_header_footer","meta":{"footnotes":""},"class_list":["post-6571","page","type-page","status-publish","hentry"],"yoast_head":"<!-- This site is optimized with the Yoast SEO Premium plugin v24.5 (Yoast SEO v27.5) - https:\/\/yoast.com\/product\/yoast-seo-premium-wordpress\/ -->\n<title>Loja do Sala da Coordenadora &#8212; Sala da Coordenadora<\/title>\n<meta name=\"robots\" content=\"index, follow, max-snippet:-1, max-image-preview:large, max-video-preview:-1\" \/>\n<link rel=\"canonical\" href=\"https:\/\/saladacoordenadora.com.br\/site\/loja\/\" \/>\n<meta property=\"og:locale\" content=\"pt_BR\" \/>\n<meta property=\"og:type\" content=\"article\" \/>\n<meta property=\"og:title\" content=\"Loja do Sala da Coordenadora\" \/>\n<meta property=\"og:description\" content=\"Loja &#8211; Sala da Coordenadora Loja &#8211; Sala da Coordenadora Nossos Materiais Solu\u00e7\u00f5es pr\u00e1ticas e eficazes para a sua coordena\u00e7\u00e3o pedag\u00f3gica. Textos que acolhem e conectam Colet\u00e2nea de textos prontos para reuni\u00f5es de pais e professores, focados em conex\u00e3o e reflex\u00e3o. R$ 19 Comprar Agora Saiba Mais Guia Pr\u00e1tico da Forma\u00e7\u00e3o Continuada 4 forma\u00e7\u00f5es de &hellip;\" \/>\n<meta property=\"og:url\" content=\"https:\/\/saladacoordenadora.com.br\/site\/loja\/\" \/>\n<meta property=\"og:site_name\" content=\"Sala da Coordenadora\" \/>\n<meta property=\"article:publisher\" content=\"https:\/\/www.facebook.com\/saladacoordenadora\/\" \/>\n<meta property=\"article:modified_time\" content=\"2026-04-29T20:47:10+00:00\" \/>\n<meta name=\"twitter:card\" content=\"summary_large_image\" \/>\n<meta name=\"twitter:label1\" content=\"Est. tempo de leitura\" \/>\n\t<meta name=\"twitter:data1\" content=\"2 minutos\" \/>\n<script type=\"application\/ld+json\" class=\"yoast-schema-graph\">{\"@context\":\"https:\\\/\\\/schema.org\",\"@graph\":[{\"@type\":\"WebPage\",\"@id\":\"https:\\\/\\\/saladacoordenadora.com.br\\\/site\\\/loja\\\/\",\"url\":\"https:\\\/\\\/saladacoordenadora.com.br\\\/site\\\/loja\\\/\",\"name\":\"Loja do Sala da Coordenadora &#8212; Sala da Coordenadora\",\"isPartOf\":{\"@id\":\"https:\\\/\\\/saladacoordenadora.com.br\\\/site\\\/#website\"},\"datePublished\":\"2025-10-18T20:47:05+00:00\",\"dateModified\":\"2026-04-29T20:47:10+00:00\",\"breadcrumb\":{\"@id\":\"https:\\\/\\\/saladacoordenadora.com.br\\\/site\\\/loja\\\/#breadcrumb\"},\"inLanguage\":\"pt-BR\",\"potentialAction\":[{\"@type\":\"ReadAction\",\"target\":[\"https:\\\/\\\/saladacoordenadora.com.br\\\/site\\\/loja\\\/\"]}]},{\"@type\":\"BreadcrumbList\",\"@id\":\"https:\\\/\\\/saladacoordenadora.com.br\\\/site\\\/loja\\\/#breadcrumb\",\"itemListElement\":[{\"@type\":\"ListItem\",\"position\":1,\"name\":\"In\u00edcio\",\"item\":\"https:\\\/\\\/saladacoordenadora.com.br\\\/site\\\/\"},{\"@type\":\"ListItem\",\"position\":2,\"name\":\"Loja do Sala da Coordenadora\"}]},{\"@type\":\"WebSite\",\"@id\":\"https:\\\/\\\/saladacoordenadora.com.br\\\/site\\\/#website\",\"url\":\"https:\\\/\\\/saladacoordenadora.com.br\\\/site\\\/\",\"name\":\"Sala da Coordenadora\",\"description\":\"por Mariana Tombolato\",\"publisher\":{\"@id\":\"https:\\\/\\\/saladacoordenadora.com.br\\\/site\\\/#organization\"},\"potentialAction\":[{\"@type\":\"SearchAction\",\"target\":{\"@type\":\"EntryPoint\",\"urlTemplate\":\"https:\\\/\\\/saladacoordenadora.com.br\\\/site\\\/?s={search_term_string}\"},\"query-input\":{\"@type\":\"PropertyValueSpecification\",\"valueRequired\":true,\"valueName\":\"search_term_string\"}}],\"inLanguage\":\"pt-BR\"},{\"@type\":\"Organization\",\"@id\":\"https:\\\/\\\/saladacoordenadora.com.br\\\/site\\\/#organization\",\"name\":\"Sala da Coordenadora\",\"url\":\"https:\\\/\\\/saladacoordenadora.com.br\\\/site\\\/\",\"logo\":{\"@type\":\"ImageObject\",\"inLanguage\":\"pt-BR\",\"@id\":\"https:\\\/\\\/saladacoordenadora.com.br\\\/site\\\/#\\\/schema\\\/logo\\\/image\\\/\",\"url\":\"https:\\\/\\\/saladacoordenadora.com.br\\\/site\\\/wp-content\\\/uploads\\\/2024\\\/09\\\/icon.png\",\"contentUrl\":\"https:\\\/\\\/saladacoordenadora.com.br\\\/site\\\/wp-content\\\/uploads\\\/2024\\\/09\\\/icon.png\",\"width\":510,\"height\":434,\"caption\":\"Sala da Coordenadora\"},\"image\":{\"@id\":\"https:\\\/\\\/saladacoordenadora.com.br\\\/site\\\/#\\\/schema\\\/logo\\\/image\\\/\"},\"sameAs\":[\"https:\\\/\\\/www.facebook.com\\\/saladacoordenadora\\\/\",\"https:\\\/\\\/www.instagram.com\\\/saladacoordenadora\\\/\"],\"description\":\"Solu\u00e7\u00f5es em Gest\u00e3o Escolar\",\"email\":\"mariana@saladacoordenadora.com.br\",\"telephone\":\"(14)\u00a099836\u20118687\u202c\",\"legalName\":\"Sala da Coordenadora Ensino & Educa\u00e7\u00e3o\",\"foundingDate\":\"2020-08-05\",\"vatID\":\"37.983.407\\\/0001-96\"}]}<\/script>\n<!-- \/ Yoast SEO Premium plugin. -->","yoast_head_json":{"title":"Loja do Sala da Coordenadora &#8212; Sala da Coordenadora","robots":{"index":"index","follow":"follow","max-snippet":"max-snippet:-1","max-image-preview":"max-image-preview:large","max-video-preview":"max-video-preview:-1"},"canonical":"https:\/\/saladacoordenadora.com.br\/site\/loja\/","og_locale":"pt_BR","og_type":"article","og_title":"Loja do Sala da Coordenadora","og_description":"Loja &#8211; Sala da Coordenadora Loja &#8211; Sala da Coordenadora Nossos Materiais Solu\u00e7\u00f5es pr\u00e1ticas e eficazes para a sua coordena\u00e7\u00e3o pedag\u00f3gica. Textos que acolhem e conectam Colet\u00e2nea de textos prontos para reuni\u00f5es de pais e professores, focados em conex\u00e3o e reflex\u00e3o. R$ 19 Comprar Agora Saiba Mais Guia Pr\u00e1tico da Forma\u00e7\u00e3o Continuada 4 forma\u00e7\u00f5es de &hellip;","og_url":"https:\/\/saladacoordenadora.com.br\/site\/loja\/","og_site_name":"Sala da Coordenadora","article_publisher":"https:\/\/www.facebook.com\/saladacoordenadora\/","article_modified_time":"2026-04-29T20:47:10+00:00","twitter_card":"summary_large_image","twitter_misc":{"Est. tempo de leitura":"2 minutos"},"schema":{"@context":"https:\/\/schema.org","@graph":[{"@type":"WebPage","@id":"https:\/\/saladacoordenadora.com.br\/site\/loja\/","url":"https:\/\/saladacoordenadora.com.br\/site\/loja\/","name":"Loja do Sala da Coordenadora &#8212; Sala da Coordenadora","isPartOf":{"@id":"https:\/\/saladacoordenadora.com.br\/site\/#website"},"datePublished":"2025-10-18T20:47:05+00:00","dateModified":"2026-04-29T20:47:10+00:00","breadcrumb":{"@id":"https:\/\/saladacoordenadora.com.br\/site\/loja\/#breadcrumb"},"inLanguage":"pt-BR","potentialAction":[{"@type":"ReadAction","target":["https:\/\/saladacoordenadora.com.br\/site\/loja\/"]}]},{"@type":"BreadcrumbList","@id":"https:\/\/saladacoordenadora.com.br\/site\/loja\/#breadcrumb","itemListElement":[{"@type":"ListItem","position":1,"name":"In\u00edcio","item":"https:\/\/saladacoordenadora.com.br\/site\/"},{"@type":"ListItem","position":2,"name":"Loja do Sala da Coordenadora"}]},{"@type":"WebSite","@id":"https:\/\/saladacoordenadora.com.br\/site\/#website","url":"https:\/\/saladacoordenadora.com.br\/site\/","name":"Sala da Coordenadora","description":"por Mariana Tombolato","publisher":{"@id":"https:\/\/saladacoordenadora.com.br\/site\/#organization"},"potentialAction":[{"@type":"SearchAction","target":{"@type":"EntryPoint","urlTemplate":"https:\/\/saladacoordenadora.com.br\/site\/?s={search_term_string}"},"query-input":{"@type":"PropertyValueSpecification","valueRequired":true,"valueName":"search_term_string"}}],"inLanguage":"pt-BR"},{"@type":"Organization","@id":"https:\/\/saladacoordenadora.com.br\/site\/#organization","name":"Sala da Coordenadora","url":"https:\/\/saladacoordenadora.com.br\/site\/","logo":{"@type":"ImageObject","inLanguage":"pt-BR","@id":"https:\/\/saladacoordenadora.com.br\/site\/#\/schema\/logo\/image\/","url":"https:\/\/saladacoordenadora.com.br\/site\/wp-content\/uploads\/2024\/09\/icon.png","contentUrl":"https:\/\/saladacoordenadora.com.br\/site\/wp-content\/uploads\/2024\/09\/icon.png","width":510,"height":434,"caption":"Sala da Coordenadora"},"image":{"@id":"https:\/\/saladacoordenadora.com.br\/site\/#\/schema\/logo\/image\/"},"sameAs":["https:\/\/www.facebook.com\/saladacoordenadora\/","https:\/\/www.instagram.com\/saladacoordenadora\/"],"description":"Solu\u00e7\u00f5es em Gest\u00e3o Escolar","email":"mariana@saladacoordenadora.com.br","telephone":"(14)\u00a099836\u20118687\u202c","legalName":"Sala da Coordenadora Ensino & Educa\u00e7\u00e3o","foundingDate":"2020-08-05","vatID":"37.983.407\/0001-96"}]}},"_links":{"self":[{"href":"https:\/\/saladacoordenadora.com.br\/site\/wp-json\/wp\/v2\/pages\/6571","targetHints":{"allow":["GET"]}}],"collection":[{"href":"https:\/\/saladacoordenadora.com.br\/site\/wp-json\/wp\/v2\/pages"}],"about":[{"href":"https:\/\/saladacoordenadora.com.br\/site\/wp-json\/wp\/v2\/types\/page"}],"author":[{"embeddable":true,"href":"https:\/\/saladacoordenadora.com.br\/site\/wp-json\/wp\/v2\/users\/1"}],"replies":[{"embeddable":true,"href":"https:\/\/saladacoordenadora.com.br\/site\/wp-json\/wp\/v2\/comments?post=6571"}],"version-history":[{"count":40,"href":"https:\/\/saladacoordenadora.com.br\/site\/wp-json\/wp\/v2\/pages\/6571\/revisions"}],"predecessor-version":[{"id":6904,"href":"https:\/\/saladacoordenadora.com.br\/site\/wp-json\/wp\/v2\/pages\/6571\/revisions\/6904"}],"wp:attachment":[{"href":"https:\/\/saladacoordenadora.com.br\/site\/wp-json\/wp\/v2\/media?parent=6571"}],"curies":[{"name":"wp","href":"https:\/\/api.w.org\/{rel}","templated":true}]}}