{"id":6272,"date":"2025-09-03T17:31:42","date_gmt":"2025-09-03T20:31:42","guid":{"rendered":"https:\/\/saladacoordenadora.com.br\/site\/?page_id=6272"},"modified":"2025-10-23T20:23:02","modified_gmt":"2025-10-23T23:23:02","slug":"sondagem-da-escrita","status":"publish","type":"page","link":"https:\/\/saladacoordenadora.com.br\/site\/sondagem-da-escrita\/","title":{"rendered":"[LOJA] Sondagem da escrita"},"content":{"rendered":"\n<div class=\"wp-block-group is-vertical is-layout-flex wp-container-core-group-is-layout-8cf370e7 wp-block-group-is-layout-flex\">\n<div class=\"wp-block-columns is-layout-flex wp-container-core-columns-is-layout-9d6595d7 wp-block-columns-is-layout-flex\">\n<div class=\"wp-block-column is-layout-flow wp-block-column-is-layout-flow\">\n<figure class=\"wp-block-image size-large\"><img fetchpriority=\"high\" decoding=\"async\" width=\"1024\" height=\"682\" src=\"https:\/\/saladacoordenadora.com.br\/site\/wp-content\/uploads\/2022\/02\/smartmockups_kzoui1dg-1024x682.jpeg\" alt=\"\" class=\"wp-image-2607\" srcset=\"https:\/\/saladacoordenadora.com.br\/site\/wp-content\/uploads\/2022\/02\/smartmockups_kzoui1dg-1024x682.jpeg 1024w, https:\/\/saladacoordenadora.com.br\/site\/wp-content\/uploads\/2022\/02\/smartmockups_kzoui1dg-600x400.jpeg 600w, https:\/\/saladacoordenadora.com.br\/site\/wp-content\/uploads\/2022\/02\/smartmockups_kzoui1dg-300x200.jpeg 300w, https:\/\/saladacoordenadora.com.br\/site\/wp-content\/uploads\/2022\/02\/smartmockups_kzoui1dg-768x512.jpeg 768w, https:\/\/saladacoordenadora.com.br\/site\/wp-content\/uploads\/2022\/02\/smartmockups_kzoui1dg-450x300.jpeg 450w, https:\/\/saladacoordenadora.com.br\/site\/wp-content\/uploads\/2022\/02\/smartmockups_kzoui1dg-90x60.jpeg 90w, https:\/\/saladacoordenadora.com.br\/site\/wp-content\/uploads\/2022\/02\/smartmockups_kzoui1dg.jpeg 1280w\" sizes=\"(max-width: 1024px) 100vw, 1024px\" \/><\/figure>\n\n\n\n<figure class=\"wp-block-gallery has-nested-images columns-5 is-cropped wp-block-gallery-1 is-layout-flex wp-block-gallery-is-layout-flex\">\n<figure class=\"wp-block-image size-thumbnail\"><img decoding=\"async\" width=\"150\" height=\"150\" data-id=\"2608\" src=\"https:\/\/saladacoordenadora.com.br\/site\/wp-content\/uploads\/2022\/02\/SONDAGEM-DA-ESCRITA-2.0-1-150x150.png\" alt=\"\" class=\"wp-image-2608\" srcset=\"https:\/\/saladacoordenadora.com.br\/site\/wp-content\/uploads\/2022\/02\/SONDAGEM-DA-ESCRITA-2.0-1-150x150.png 150w, https:\/\/saladacoordenadora.com.br\/site\/wp-content\/uploads\/2022\/02\/SONDAGEM-DA-ESCRITA-2.0-1-300x300.png 300w, https:\/\/saladacoordenadora.com.br\/site\/wp-content\/uploads\/2022\/02\/SONDAGEM-DA-ESCRITA-2.0-1-435x435.png 435w\" sizes=\"(max-width: 150px) 100vw, 150px\" \/><\/figure>\n\n\n\n<figure class=\"wp-block-image size-thumbnail\"><img decoding=\"async\" width=\"150\" height=\"150\" data-id=\"2607\" src=\"https:\/\/saladacoordenadora.com.br\/site\/wp-content\/uploads\/2022\/02\/smartmockups_kzoui1dg-150x150.jpeg\" alt=\"\" class=\"wp-image-2607\" srcset=\"https:\/\/saladacoordenadora.com.br\/site\/wp-content\/uploads\/2022\/02\/smartmockups_kzoui1dg-150x150.jpeg 150w, https:\/\/saladacoordenadora.com.br\/site\/wp-content\/uploads\/2022\/02\/smartmockups_kzoui1dg-300x300.jpeg 300w, https:\/\/saladacoordenadora.com.br\/site\/wp-content\/uploads\/2022\/02\/smartmockups_kzoui1dg-435x435.jpeg 435w\" sizes=\"(max-width: 150px) 100vw, 150px\" \/><\/figure>\n<\/figure>\n<\/div>\n\n\n\n<div class=\"wp-block-column is-layout-flow wp-block-column-is-layout-flow\">\n<h2 class=\"wp-block-heading\" id=\"h-sondagem-da-escrita\">Sondagem da escrita<\/h2>\n\n\n\n<h2 class=\"wp-block-heading has-cyan-bluish-gray-color has-text-color has-link-color wp-elements-1da17710f86c9d828307e36054059bf6\" id=\"h-r-23-90\">R$23,90<\/h2>\n\n\n\n<figure class=\"wp-block-image is-resized\"><img loading=\"lazy\" decoding=\"async\" width=\"256\" height=\"256\" src=\"https:\/\/saladacoordenadora.com.br\/site\/wp-content\/uploads\/2024\/10\/pdf.png\" alt=\"\" class=\"wp-image-5249\" style=\"width:90px;height:auto\" srcset=\"https:\/\/saladacoordenadora.com.br\/site\/wp-content\/uploads\/2024\/10\/pdf.png 256w, https:\/\/saladacoordenadora.com.br\/site\/wp-content\/uploads\/2024\/10\/pdf-150x150.png 150w\" sizes=\"(max-width: 256px) 100vw, 256px\" \/><\/figure>\n\n\n\n<p>Este material fornece&nbsp;ideias,&nbsp;possibilidades&nbsp;e&nbsp;apoio pedag\u00f3gico&nbsp;<strong>para alunos em fase de alfabetiza\u00e7\u00e3o<\/strong>. \u00c9 indicado para<\/p>\n\n\n\n<ul class=\"wp-block-list\">\n<li>Realizar a\u00a0<strong>avalia\u00e7\u00e3o diagn\u00f3stica de sondagem<\/strong>\u00a0atrav\u00e9s das hip\u00f3teses de leitura e escrita de Em\u00edlia Ferreiro e Ana Teberosky;<\/li>\n\n\n\n<li>22 p\u00e1ginas;<\/li>\n\n\n\n<li>8 exemplos de sondagens prontos;<\/li>\n\n\n\n<li>Sugest\u00f5es de atividades para o aluno avan\u00e7ar;<\/li>\n\n\n\n<li>Registro do professor.<\/li>\n<\/ul>\n\n\n\n<p>Indicado para professores e pais de alunos dos anos iniciais do Ensino Fundamental.<\/p>\n\n\n\n<div class=\"wp-block-buttons is-layout-flex wp-block-buttons-is-layout-flex\">\n<div class=\"wp-block-button\"><a class=\"wp-block-button__link has-pale-pink-background-color has-background wp-element-button\" href=\"https:\/\/pay.kiwify.com.br\/TqYQn34\" style=\"border-radius:0px\">COMPRE AGORA<\/a><\/div>\n<\/div>\n<\/div>\n<\/div>\n<\/div>\n\n\n\n<p><\/p>\n","protected":false},"excerpt":{"rendered":"<p>Sondagem da escrita R$23,90 Este material fornece&nbsp;ideias,&nbsp;possibilidades&nbsp;e&nbsp;apoio pedag\u00f3gico&nbsp;para alunos em fase de alfabetiza\u00e7\u00e3o. \u00c9 indicado para Indicado para professores e pais de alunos dos anos iniciais do Ensino Fundamental.<\/p>\n","protected":false},"author":1,"featured_media":0,"parent":0,"menu_order":0,"comment_status":"closed","ping_status":"closed","template":"","meta":{"footnotes":""},"class_list":["post-6272","page","type-page","status-publish","hentry"],"yoast_head":"<!-- This site is optimized with the Yoast SEO Premium plugin v24.5 (Yoast SEO v27.5) - https:\/\/yoast.com\/product\/yoast-seo-premium-wordpress\/ -->\n<title>[LOJA] Sondagem da escrita &#8212; Sala da Coordenadora<\/title>\n<meta name=\"robots\" content=\"index, follow, max-snippet:-1, max-image-preview:large, max-video-preview:-1\" \/>\n<link rel=\"canonical\" href=\"https:\/\/saladacoordenadora.com.br\/site\/sondagem-da-escrita\/\" \/>\n<meta property=\"og:locale\" content=\"pt_BR\" \/>\n<meta property=\"og:type\" content=\"article\" \/>\n<meta property=\"og:title\" content=\"[LOJA] Sondagem da escrita\" \/>\n<meta property=\"og:description\" content=\"Sondagem da escrita R$23,90 Este material fornece&nbsp;ideias,&nbsp;possibilidades&nbsp;e&nbsp;apoio pedag\u00f3gico&nbsp;para alunos em fase de alfabetiza\u00e7\u00e3o. \u00c9 indicado para Indicado para professores e pais de alunos dos anos iniciais do Ensino Fundamental.\" \/>\n<meta property=\"og:url\" content=\"https:\/\/saladacoordenadora.com.br\/site\/sondagem-da-escrita\/\" \/>\n<meta property=\"og:site_name\" content=\"Sala da Coordenadora\" \/>\n<meta property=\"article:publisher\" content=\"https:\/\/www.facebook.com\/saladacoordenadora\/\" \/>\n<meta property=\"article:modified_time\" content=\"2025-10-23T23:23:02+00:00\" \/>\n<meta property=\"og:image\" content=\"https:\/\/saladacoordenadora.com.br\/site\/wp-content\/uploads\/2022\/02\/smartmockups_kzoui1dg.jpeg\" \/>\n\t<meta property=\"og:image:width\" content=\"1280\" \/>\n\t<meta property=\"og:image:height\" content=\"853\" \/>\n\t<meta property=\"og:image:type\" content=\"image\/jpeg\" \/>\n<meta name=\"twitter:card\" content=\"summary_large_image\" \/>\n<meta name=\"twitter:label1\" content=\"Est. tempo de leitura\" \/>\n\t<meta name=\"twitter:data1\" content=\"2 minutos\" \/>\n<script type=\"application\/ld+json\" class=\"yoast-schema-graph\">{\"@context\":\"https:\\\/\\\/schema.org\",\"@graph\":[{\"@type\":\"WebPage\",\"@id\":\"https:\\\/\\\/saladacoordenadora.com.br\\\/site\\\/sondagem-da-escrita\\\/\",\"url\":\"https:\\\/\\\/saladacoordenadora.com.br\\\/site\\\/sondagem-da-escrita\\\/\",\"name\":\"[LOJA] Sondagem da escrita &#8212; Sala da Coordenadora\",\"isPartOf\":{\"@id\":\"https:\\\/\\\/saladacoordenadora.com.br\\\/site\\\/#website\"},\"primaryImageOfPage\":{\"@id\":\"https:\\\/\\\/saladacoordenadora.com.br\\\/site\\\/sondagem-da-escrita\\\/#primaryimage\"},\"image\":{\"@id\":\"https:\\\/\\\/saladacoordenadora.com.br\\\/site\\\/sondagem-da-escrita\\\/#primaryimage\"},\"thumbnailUrl\":\"https:\\\/\\\/saladacoordenadora.com.br\\\/site\\\/wp-content\\\/uploads\\\/2022\\\/02\\\/smartmockups_kzoui1dg-1024x682.jpeg\",\"datePublished\":\"2025-09-03T20:31:42+00:00\",\"dateModified\":\"2025-10-23T23:23:02+00:00\",\"breadcrumb\":{\"@id\":\"https:\\\/\\\/saladacoordenadora.com.br\\\/site\\\/sondagem-da-escrita\\\/#breadcrumb\"},\"inLanguage\":\"pt-BR\",\"potentialAction\":[{\"@type\":\"ReadAction\",\"target\":[\"https:\\\/\\\/saladacoordenadora.com.br\\\/site\\\/sondagem-da-escrita\\\/\"]}]},{\"@type\":\"ImageObject\",\"inLanguage\":\"pt-BR\",\"@id\":\"https:\\\/\\\/saladacoordenadora.com.br\\\/site\\\/sondagem-da-escrita\\\/#primaryimage\",\"url\":\"https:\\\/\\\/saladacoordenadora.com.br\\\/site\\\/wp-content\\\/uploads\\\/2022\\\/02\\\/smartmockups_kzoui1dg.jpeg\",\"contentUrl\":\"https:\\\/\\\/saladacoordenadora.com.br\\\/site\\\/wp-content\\\/uploads\\\/2022\\\/02\\\/smartmockups_kzoui1dg.jpeg\",\"width\":1280,\"height\":853,\"caption\":\"sondagem\"},{\"@type\":\"BreadcrumbList\",\"@id\":\"https:\\\/\\\/saladacoordenadora.com.br\\\/site\\\/sondagem-da-escrita\\\/#breadcrumb\",\"itemListElement\":[{\"@type\":\"ListItem\",\"position\":1,\"name\":\"In\u00edcio\",\"item\":\"https:\\\/\\\/saladacoordenadora.com.br\\\/site\\\/\"},{\"@type\":\"ListItem\",\"position\":2,\"name\":\"[LOJA] Sondagem da escrita\"}]},{\"@type\":\"WebSite\",\"@id\":\"https:\\\/\\\/saladacoordenadora.com.br\\\/site\\\/#website\",\"url\":\"https:\\\/\\\/saladacoordenadora.com.br\\\/site\\\/\",\"name\":\"Sala da Coordenadora\",\"description\":\"por Mariana Tombolato\",\"publisher\":{\"@id\":\"https:\\\/\\\/saladacoordenadora.com.br\\\/site\\\/#organization\"},\"potentialAction\":[{\"@type\":\"SearchAction\",\"target\":{\"@type\":\"EntryPoint\",\"urlTemplate\":\"https:\\\/\\\/saladacoordenadora.com.br\\\/site\\\/?s={search_term_string}\"},\"query-input\":{\"@type\":\"PropertyValueSpecification\",\"valueRequired\":true,\"valueName\":\"search_term_string\"}}],\"inLanguage\":\"pt-BR\"},{\"@type\":\"Organization\",\"@id\":\"https:\\\/\\\/saladacoordenadora.com.br\\\/site\\\/#organization\",\"name\":\"Sala da Coordenadora\",\"url\":\"https:\\\/\\\/saladacoordenadora.com.br\\\/site\\\/\",\"logo\":{\"@type\":\"ImageObject\",\"inLanguage\":\"pt-BR\",\"@id\":\"https:\\\/\\\/saladacoordenadora.com.br\\\/site\\\/#\\\/schema\\\/logo\\\/image\\\/\",\"url\":\"https:\\\/\\\/saladacoordenadora.com.br\\\/site\\\/wp-content\\\/uploads\\\/2024\\\/09\\\/icon.png\",\"contentUrl\":\"https:\\\/\\\/saladacoordenadora.com.br\\\/site\\\/wp-content\\\/uploads\\\/2024\\\/09\\\/icon.png\",\"width\":510,\"height\":434,\"caption\":\"Sala da Coordenadora\"},\"image\":{\"@id\":\"https:\\\/\\\/saladacoordenadora.com.br\\\/site\\\/#\\\/schema\\\/logo\\\/image\\\/\"},\"sameAs\":[\"https:\\\/\\\/www.facebook.com\\\/saladacoordenadora\\\/\",\"https:\\\/\\\/www.instagram.com\\\/saladacoordenadora\\\/\"],\"description\":\"Solu\u00e7\u00f5es em Gest\u00e3o Escolar\",\"email\":\"mariana@saladacoordenadora.com.br\",\"telephone\":\"(14)\u00a099836\u20118687\u202c\",\"legalName\":\"Sala da Coordenadora Ensino & Educa\u00e7\u00e3o\",\"foundingDate\":\"2020-08-05\",\"vatID\":\"37.983.407\\\/0001-96\"}]}<\/script>\n<!-- \/ Yoast SEO Premium plugin. -->","yoast_head_json":{"title":"[LOJA] Sondagem da escrita &#8212; Sala da Coordenadora","robots":{"index":"index","follow":"follow","max-snippet":"max-snippet:-1","max-image-preview":"max-image-preview:large","max-video-preview":"max-video-preview:-1"},"canonical":"https:\/\/saladacoordenadora.com.br\/site\/sondagem-da-escrita\/","og_locale":"pt_BR","og_type":"article","og_title":"[LOJA] Sondagem da escrita","og_description":"Sondagem da escrita R$23,90 Este material fornece&nbsp;ideias,&nbsp;possibilidades&nbsp;e&nbsp;apoio pedag\u00f3gico&nbsp;para alunos em fase de alfabetiza\u00e7\u00e3o. \u00c9 indicado para Indicado para professores e pais de alunos dos anos iniciais do Ensino Fundamental.","og_url":"https:\/\/saladacoordenadora.com.br\/site\/sondagem-da-escrita\/","og_site_name":"Sala da Coordenadora","article_publisher":"https:\/\/www.facebook.com\/saladacoordenadora\/","article_modified_time":"2025-10-23T23:23:02+00:00","og_image":[{"width":1280,"height":853,"url":"https:\/\/saladacoordenadora.com.br\/site\/wp-content\/uploads\/2022\/02\/smartmockups_kzoui1dg.jpeg","type":"image\/jpeg"}],"twitter_card":"summary_large_image","twitter_misc":{"Est. tempo de leitura":"2 minutos"},"schema":{"@context":"https:\/\/schema.org","@graph":[{"@type":"WebPage","@id":"https:\/\/saladacoordenadora.com.br\/site\/sondagem-da-escrita\/","url":"https:\/\/saladacoordenadora.com.br\/site\/sondagem-da-escrita\/","name":"[LOJA] Sondagem da escrita &#8212; Sala da Coordenadora","isPartOf":{"@id":"https:\/\/saladacoordenadora.com.br\/site\/#website"},"primaryImageOfPage":{"@id":"https:\/\/saladacoordenadora.com.br\/site\/sondagem-da-escrita\/#primaryimage"},"image":{"@id":"https:\/\/saladacoordenadora.com.br\/site\/sondagem-da-escrita\/#primaryimage"},"thumbnailUrl":"https:\/\/saladacoordenadora.com.br\/site\/wp-content\/uploads\/2022\/02\/smartmockups_kzoui1dg-1024x682.jpeg","datePublished":"2025-09-03T20:31:42+00:00","dateModified":"2025-10-23T23:23:02+00:00","breadcrumb":{"@id":"https:\/\/saladacoordenadora.com.br\/site\/sondagem-da-escrita\/#breadcrumb"},"inLanguage":"pt-BR","potentialAction":[{"@type":"ReadAction","target":["https:\/\/saladacoordenadora.com.br\/site\/sondagem-da-escrita\/"]}]},{"@type":"ImageObject","inLanguage":"pt-BR","@id":"https:\/\/saladacoordenadora.com.br\/site\/sondagem-da-escrita\/#primaryimage","url":"https:\/\/saladacoordenadora.com.br\/site\/wp-content\/uploads\/2022\/02\/smartmockups_kzoui1dg.jpeg","contentUrl":"https:\/\/saladacoordenadora.com.br\/site\/wp-content\/uploads\/2022\/02\/smartmockups_kzoui1dg.jpeg","width":1280,"height":853,"caption":"sondagem"},{"@type":"BreadcrumbList","@id":"https:\/\/saladacoordenadora.com.br\/site\/sondagem-da-escrita\/#breadcrumb","itemListElement":[{"@type":"ListItem","position":1,"name":"In\u00edcio","item":"https:\/\/saladacoordenadora.com.br\/site\/"},{"@type":"ListItem","position":2,"name":"[LOJA] Sondagem da escrita"}]},{"@type":"WebSite","@id":"https:\/\/saladacoordenadora.com.br\/site\/#website","url":"https:\/\/saladacoordenadora.com.br\/site\/","name":"Sala da Coordenadora","description":"por Mariana Tombolato","publisher":{"@id":"https:\/\/saladacoordenadora.com.br\/site\/#organization"},"potentialAction":[{"@type":"SearchAction","target":{"@type":"EntryPoint","urlTemplate":"https:\/\/saladacoordenadora.com.br\/site\/?s={search_term_string}"},"query-input":{"@type":"PropertyValueSpecification","valueRequired":true,"valueName":"search_term_string"}}],"inLanguage":"pt-BR"},{"@type":"Organization","@id":"https:\/\/saladacoordenadora.com.br\/site\/#organization","name":"Sala da Coordenadora","url":"https:\/\/saladacoordenadora.com.br\/site\/","logo":{"@type":"ImageObject","inLanguage":"pt-BR","@id":"https:\/\/saladacoordenadora.com.br\/site\/#\/schema\/logo\/image\/","url":"https:\/\/saladacoordenadora.com.br\/site\/wp-content\/uploads\/2024\/09\/icon.png","contentUrl":"https:\/\/saladacoordenadora.com.br\/site\/wp-content\/uploads\/2024\/09\/icon.png","width":510,"height":434,"caption":"Sala da Coordenadora"},"image":{"@id":"https:\/\/saladacoordenadora.com.br\/site\/#\/schema\/logo\/image\/"},"sameAs":["https:\/\/www.facebook.com\/saladacoordenadora\/","https:\/\/www.instagram.com\/saladacoordenadora\/"],"description":"Solu\u00e7\u00f5es em Gest\u00e3o Escolar","email":"mariana@saladacoordenadora.com.br","telephone":"(14)\u00a099836\u20118687\u202c","legalName":"Sala da Coordenadora Ensino & Educa\u00e7\u00e3o","foundingDate":"2020-08-05","vatID":"37.983.407\/0001-96"}]}},"_links":{"self":[{"href":"https:\/\/saladacoordenadora.com.br\/site\/wp-json\/wp\/v2\/pages\/6272","targetHints":{"allow":["GET"]}}],"collection":[{"href":"https:\/\/saladacoordenadora.com.br\/site\/wp-json\/wp\/v2\/pages"}],"about":[{"href":"https:\/\/saladacoordenadora.com.br\/site\/wp-json\/wp\/v2\/types\/page"}],"author":[{"embeddable":true,"href":"https:\/\/saladacoordenadora.com.br\/site\/wp-json\/wp\/v2\/users\/1"}],"replies":[{"embeddable":true,"href":"https:\/\/saladacoordenadora.com.br\/site\/wp-json\/wp\/v2\/comments?post=6272"}],"version-history":[{"count":2,"href":"https:\/\/saladacoordenadora.com.br\/site\/wp-json\/wp\/v2\/pages\/6272\/revisions"}],"predecessor-version":[{"id":6464,"href":"https:\/\/saladacoordenadora.com.br\/site\/wp-json\/wp\/v2\/pages\/6272\/revisions\/6464"}],"wp:attachment":[{"href":"https:\/\/saladacoordenadora.com.br\/site\/wp-json\/wp\/v2\/media?parent=6272"}],"curies":[{"name":"wp","href":"https:\/\/api.w.org\/{rel}","templated":true}]}}