{"id":6269,"date":"2025-09-03T17:26:50","date_gmt":"2025-09-03T20:26:50","guid":{"rendered":"https:\/\/saladacoordenadora.com.br\/site\/?page_id=6269"},"modified":"2025-10-07T16:55:51","modified_gmt":"2025-10-07T19:55:51","slug":"guia-pratico","status":"publish","type":"page","link":"https:\/\/saladacoordenadora.com.br\/site\/guia-pratico\/","title":{"rendered":"[LOJA] Guia pr\u00e1tico da Forma\u00e7\u00e3o Continuada"},"content":{"rendered":"\n<div class=\"wp-block-group is-vertical is-layout-flex wp-container-core-group-is-layout-8cf370e7 wp-block-group-is-layout-flex\">\n<div class=\"wp-block-columns is-layout-flex wp-container-core-columns-is-layout-9d6595d7 wp-block-columns-is-layout-flex\">\n<div class=\"wp-block-column is-layout-flow wp-block-column-is-layout-flow\">\n<figure class=\"wp-block-image size-large\"><img fetchpriority=\"high\" decoding=\"async\" width=\"1024\" height=\"683\" src=\"https:\/\/saladacoordenadora.com.br\/site\/wp-content\/uploads\/2024\/10\/mockup-capa-1024x683.png\" alt=\"\" class=\"wp-image-4968\" srcset=\"https:\/\/saladacoordenadora.com.br\/site\/wp-content\/uploads\/2024\/10\/mockup-capa-1024x683.png 1024w, https:\/\/saladacoordenadora.com.br\/site\/wp-content\/uploads\/2024\/10\/mockup-capa-300x200.png 300w, https:\/\/saladacoordenadora.com.br\/site\/wp-content\/uploads\/2024\/10\/mockup-capa-768x512.png 768w, https:\/\/saladacoordenadora.com.br\/site\/wp-content\/uploads\/2024\/10\/mockup-capa-1536x1024.png 1536w, https:\/\/saladacoordenadora.com.br\/site\/wp-content\/uploads\/2024\/10\/mockup-capa-2048x1365.png 2048w, https:\/\/saladacoordenadora.com.br\/site\/wp-content\/uploads\/2024\/10\/mockup-capa-450x300.png 450w, https:\/\/saladacoordenadora.com.br\/site\/wp-content\/uploads\/2024\/10\/mockup-capa-600x400.png 600w\" sizes=\"(max-width: 1024px) 100vw, 1024px\" \/><\/figure>\n\n\n\n<figure class=\"wp-block-gallery has-nested-images columns-5 is-cropped wp-block-gallery-1 is-layout-flex wp-block-gallery-is-layout-flex\">\n<figure class=\"wp-block-image size-medium\"><img decoding=\"async\" width=\"300\" height=\"225\" data-id=\"4971\" src=\"https:\/\/saladacoordenadora.com.br\/site\/wp-content\/uploads\/2024\/10\/mockup-indice-300x225.png\" alt=\"\" class=\"wp-image-4971\" srcset=\"https:\/\/saladacoordenadora.com.br\/site\/wp-content\/uploads\/2024\/10\/mockup-indice-300x225.png 300w, https:\/\/saladacoordenadora.com.br\/site\/wp-content\/uploads\/2024\/10\/mockup-indice-1024x768.png 1024w, https:\/\/saladacoordenadora.com.br\/site\/wp-content\/uploads\/2024\/10\/mockup-indice-768x576.png 768w, https:\/\/saladacoordenadora.com.br\/site\/wp-content\/uploads\/2024\/10\/mockup-indice-1536x1152.png 1536w, https:\/\/saladacoordenadora.com.br\/site\/wp-content\/uploads\/2024\/10\/mockup-indice-2048x1536.png 2048w, https:\/\/saladacoordenadora.com.br\/site\/wp-content\/uploads\/2024\/10\/mockup-indice-600x450.png 600w\" sizes=\"(max-width: 300px) 100vw, 300px\" \/><\/figure>\n\n\n\n<figure class=\"wp-block-image size-medium\"><img decoding=\"async\" width=\"300\" height=\"225\" data-id=\"4972\" src=\"https:\/\/saladacoordenadora.com.br\/site\/wp-content\/uploads\/2024\/10\/mockup-planejamento-300x225.png\" alt=\"\" class=\"wp-image-4972\" srcset=\"https:\/\/saladacoordenadora.com.br\/site\/wp-content\/uploads\/2024\/10\/mockup-planejamento-300x225.png 300w, https:\/\/saladacoordenadora.com.br\/site\/wp-content\/uploads\/2024\/10\/mockup-planejamento-1024x768.png 1024w, https:\/\/saladacoordenadora.com.br\/site\/wp-content\/uploads\/2024\/10\/mockup-planejamento-768x576.png 768w, https:\/\/saladacoordenadora.com.br\/site\/wp-content\/uploads\/2024\/10\/mockup-planejamento-1536x1152.png 1536w, https:\/\/saladacoordenadora.com.br\/site\/wp-content\/uploads\/2024\/10\/mockup-planejamento-2048x1536.png 2048w, https:\/\/saladacoordenadora.com.br\/site\/wp-content\/uploads\/2024\/10\/mockup-planejamento-600x450.png 600w\" sizes=\"(max-width: 300px) 100vw, 300px\" \/><\/figure>\n\n\n\n<figure class=\"wp-block-image size-medium\"><img loading=\"lazy\" decoding=\"async\" width=\"300\" height=\"225\" data-id=\"4970\" src=\"https:\/\/saladacoordenadora.com.br\/site\/wp-content\/uploads\/2024\/10\/mockup-inclusao-300x225.png\" alt=\"\" class=\"wp-image-4970\" srcset=\"https:\/\/saladacoordenadora.com.br\/site\/wp-content\/uploads\/2024\/10\/mockup-inclusao-300x225.png 300w, https:\/\/saladacoordenadora.com.br\/site\/wp-content\/uploads\/2024\/10\/mockup-inclusao-1024x768.png 1024w, https:\/\/saladacoordenadora.com.br\/site\/wp-content\/uploads\/2024\/10\/mockup-inclusao-768x576.png 768w, https:\/\/saladacoordenadora.com.br\/site\/wp-content\/uploads\/2024\/10\/mockup-inclusao-1536x1152.png 1536w, https:\/\/saladacoordenadora.com.br\/site\/wp-content\/uploads\/2024\/10\/mockup-inclusao-2048x1536.png 2048w, https:\/\/saladacoordenadora.com.br\/site\/wp-content\/uploads\/2024\/10\/mockup-inclusao-600x450.png 600w\" sizes=\"(max-width: 300px) 100vw, 300px\" \/><\/figure>\n\n\n\n<figure class=\"wp-block-image size-medium\"><img loading=\"lazy\" decoding=\"async\" width=\"300\" height=\"225\" data-id=\"4969\" src=\"https:\/\/saladacoordenadora.com.br\/site\/wp-content\/uploads\/2024\/10\/mockup-avaliacao-300x225.png\" alt=\"\" class=\"wp-image-4969\" srcset=\"https:\/\/saladacoordenadora.com.br\/site\/wp-content\/uploads\/2024\/10\/mockup-avaliacao-300x225.png 300w, https:\/\/saladacoordenadora.com.br\/site\/wp-content\/uploads\/2024\/10\/mockup-avaliacao-1024x768.png 1024w, https:\/\/saladacoordenadora.com.br\/site\/wp-content\/uploads\/2024\/10\/mockup-avaliacao-768x576.png 768w, https:\/\/saladacoordenadora.com.br\/site\/wp-content\/uploads\/2024\/10\/mockup-avaliacao-1536x1152.png 1536w, https:\/\/saladacoordenadora.com.br\/site\/wp-content\/uploads\/2024\/10\/mockup-avaliacao-2048x1536.png 2048w, https:\/\/saladacoordenadora.com.br\/site\/wp-content\/uploads\/2024\/10\/mockup-avaliacao-600x450.png 600w\" sizes=\"(max-width: 300px) 100vw, 300px\" \/><\/figure>\n\n\n\n<figure class=\"wp-block-image size-medium\"><img loading=\"lazy\" decoding=\"async\" width=\"300\" height=\"225\" data-id=\"4973\" src=\"https:\/\/saladacoordenadora.com.br\/site\/wp-content\/uploads\/2024\/10\/mockup-sala-de-aula-300x225.png\" alt=\"\" class=\"wp-image-4973\" srcset=\"https:\/\/saladacoordenadora.com.br\/site\/wp-content\/uploads\/2024\/10\/mockup-sala-de-aula-300x225.png 300w, https:\/\/saladacoordenadora.com.br\/site\/wp-content\/uploads\/2024\/10\/mockup-sala-de-aula-1024x768.png 1024w, https:\/\/saladacoordenadora.com.br\/site\/wp-content\/uploads\/2024\/10\/mockup-sala-de-aula-768x576.png 768w, https:\/\/saladacoordenadora.com.br\/site\/wp-content\/uploads\/2024\/10\/mockup-sala-de-aula-1536x1152.png 1536w, https:\/\/saladacoordenadora.com.br\/site\/wp-content\/uploads\/2024\/10\/mockup-sala-de-aula-2048x1536.png 2048w, https:\/\/saladacoordenadora.com.br\/site\/wp-content\/uploads\/2024\/10\/mockup-sala-de-aula-600x450.png 600w\" sizes=\"(max-width: 300px) 100vw, 300px\" \/><\/figure>\n<\/figure>\n<\/div>\n\n\n\n<div class=\"wp-block-column is-layout-flow wp-block-column-is-layout-flow\">\n<h2 class=\"wp-block-heading\" id=\"h-guia-pratico-da-formacao-continuada\">Guia pr\u00e1tico da Forma\u00e7\u00e3o Continuada<\/h2>\n\n\n\n<h2 class=\"wp-block-heading has-cyan-bluish-gray-color has-text-color has-link-color wp-elements-1da17710f86c9d828307e36054059bf6\" id=\"h-r-23-90\">R$23,90<\/h2>\n\n\n\n<figure class=\"wp-block-image is-resized\"><img loading=\"lazy\" decoding=\"async\" width=\"256\" height=\"256\" src=\"https:\/\/saladacoordenadora.com.br\/site\/wp-content\/uploads\/2024\/10\/pdf.png\" alt=\"\" class=\"wp-image-5249\" style=\"width:90px;height:auto\" srcset=\"https:\/\/saladacoordenadora.com.br\/site\/wp-content\/uploads\/2024\/10\/pdf.png 256w, https:\/\/saladacoordenadora.com.br\/site\/wp-content\/uploads\/2024\/10\/pdf-150x150.png 150w\" sizes=\"(max-width: 256px) 100vw, 256px\" \/><\/figure>\n\n\n\n<p><strong>Aprenda a organizar e conduzir 4 forma\u00e7\u00f5es pedag\u00f3gicas completas com o nosso material!<\/strong><br>Criado para coordenadoras pedag\u00f3gicas, este material oferece&nbsp;<strong>forma\u00e7\u00f5es prontas<\/strong>&nbsp;sobre temas essenciais para o desenvolvimento docente.<\/p>\n\n\n\n<p>Voc\u00ea encontrar\u00e1:<\/p>\n\n\n\n<ul class=\"wp-block-list\">\n<li><strong>Forma\u00e7\u00e3o 1: Inclus\u00e3o Escolar<\/strong>\u00a0\u2013 estrat\u00e9gias e pr\u00e1ticas para acolher todos os alunos e promover uma educa\u00e7\u00e3o inclusiva.<\/li>\n\n\n\n<li><strong>Forma\u00e7\u00e3o 2: Gest\u00e3o de Sala de Aula<\/strong>\u00a0\u2013 t\u00e9cnicas para manter a disciplina e criar um ambiente prop\u00edcio ao aprendizado.<\/li>\n\n\n\n<li><strong>Forma\u00e7\u00e3o 3: Planejamento de Aula<\/strong>\u00a0\u2013 dicas para organizar aulas mais eficientes, otimizando o tempo e o desenvolvimento dos alunos.<\/li>\n\n\n\n<li><strong>Forma\u00e7\u00e3o 4: Avalia\u00e7\u00e3o Formativa, Somativa e Diagn\u00f3stica<\/strong>\u00a0\u2013 como utilizar cada tipo de avalia\u00e7\u00e3o para acompanhar e melhorar o desempenho dos alunos.<\/li>\n<\/ul>\n\n\n\n<p>Al\u00e9m disso, o e-book oferece&nbsp;<strong>modelos de pauta<\/strong>&nbsp;e&nbsp;<strong>exemplos de objetivos<\/strong>&nbsp;claros para cada forma\u00e7\u00e3o, tornando o seu trabalho mais simples e objetivo.<\/p>\n\n\n\n<div class=\"wp-block-buttons is-layout-flex wp-block-buttons-is-layout-flex\">\n<div class=\"wp-block-button\"><a class=\"wp-block-button__link has-pale-pink-background-color has-background wp-element-button\" href=\"https:\/\/pay.kiwify.com.br\/rKfOAkG\" style=\"border-radius:0px\">COMPRE AGORA<\/a><\/div>\n<\/div>\n<\/div>\n<\/div>\n<\/div>\n\n\n\n<p><\/p>\n","protected":false},"excerpt":{"rendered":"<p>Guia pr\u00e1tico da Forma\u00e7\u00e3o Continuada R$23,90 Aprenda a organizar e conduzir 4 forma\u00e7\u00f5es pedag\u00f3gicas completas com o nosso material!Criado para coordenadoras pedag\u00f3gicas, este material oferece&nbsp;forma\u00e7\u00f5es prontas&nbsp;sobre temas essenciais para o desenvolvimento docente. Voc\u00ea encontrar\u00e1: Al\u00e9m disso, o e-book oferece&nbsp;modelos de pauta&nbsp;e&nbsp;exemplos de objetivos&nbsp;claros para cada forma\u00e7\u00e3o, tornando o seu trabalho mais simples e objetivo.<\/p>\n","protected":false},"author":1,"featured_media":0,"parent":0,"menu_order":0,"comment_status":"closed","ping_status":"closed","template":"","meta":{"footnotes":""},"class_list":["post-6269","page","type-page","status-publish","hentry"],"yoast_head":"<!-- This site is optimized with the Yoast SEO Premium plugin v24.5 (Yoast SEO v27.5) - https:\/\/yoast.com\/product\/yoast-seo-premium-wordpress\/ -->\n<title>[LOJA] Guia pr\u00e1tico da Forma\u00e7\u00e3o Continuada &#8212; Sala da Coordenadora<\/title>\n<meta name=\"robots\" content=\"index, follow, max-snippet:-1, max-image-preview:large, max-video-preview:-1\" \/>\n<link rel=\"canonical\" href=\"https:\/\/saladacoordenadora.com.br\/site\/guia-pratico\/\" \/>\n<meta property=\"og:locale\" content=\"pt_BR\" \/>\n<meta property=\"og:type\" content=\"article\" \/>\n<meta property=\"og:title\" content=\"[LOJA] Guia pr\u00e1tico da Forma\u00e7\u00e3o Continuada\" \/>\n<meta property=\"og:description\" content=\"Guia pr\u00e1tico da Forma\u00e7\u00e3o Continuada R$23,90 Aprenda a organizar e conduzir 4 forma\u00e7\u00f5es pedag\u00f3gicas completas com o nosso material!Criado para coordenadoras pedag\u00f3gicas, este material oferece&nbsp;forma\u00e7\u00f5es prontas&nbsp;sobre temas essenciais para o desenvolvimento docente. Voc\u00ea encontrar\u00e1: Al\u00e9m disso, o e-book oferece&nbsp;modelos de pauta&nbsp;e&nbsp;exemplos de objetivos&nbsp;claros para cada forma\u00e7\u00e3o, tornando o seu trabalho mais simples e objetivo.\" \/>\n<meta property=\"og:url\" content=\"https:\/\/saladacoordenadora.com.br\/site\/guia-pratico\/\" \/>\n<meta property=\"og:site_name\" content=\"Sala da Coordenadora\" \/>\n<meta property=\"article:publisher\" content=\"https:\/\/www.facebook.com\/saladacoordenadora\/\" \/>\n<meta property=\"article:modified_time\" content=\"2025-10-07T19:55:51+00:00\" \/>\n<meta property=\"og:image\" content=\"https:\/\/saladacoordenadora.com.br\/site\/wp-content\/uploads\/2024\/10\/mockup-capa-1024x683.png\" \/>\n\t<meta property=\"og:image:width\" content=\"1024\" \/>\n\t<meta property=\"og:image:height\" content=\"683\" \/>\n\t<meta property=\"og:image:type\" content=\"image\/png\" \/>\n<meta name=\"twitter:card\" content=\"summary_large_image\" \/>\n<meta name=\"twitter:label1\" content=\"Est. tempo de leitura\" \/>\n\t<meta name=\"twitter:data1\" content=\"3 minutos\" \/>\n<script type=\"application\/ld+json\" class=\"yoast-schema-graph\">{\"@context\":\"https:\\\/\\\/schema.org\",\"@graph\":[{\"@type\":\"WebPage\",\"@id\":\"https:\\\/\\\/saladacoordenadora.com.br\\\/site\\\/guia-pratico\\\/\",\"url\":\"https:\\\/\\\/saladacoordenadora.com.br\\\/site\\\/guia-pratico\\\/\",\"name\":\"[LOJA] Guia pr\u00e1tico da Forma\u00e7\u00e3o Continuada &#8212; Sala da Coordenadora\",\"isPartOf\":{\"@id\":\"https:\\\/\\\/saladacoordenadora.com.br\\\/site\\\/#website\"},\"primaryImageOfPage\":{\"@id\":\"https:\\\/\\\/saladacoordenadora.com.br\\\/site\\\/guia-pratico\\\/#primaryimage\"},\"image\":{\"@id\":\"https:\\\/\\\/saladacoordenadora.com.br\\\/site\\\/guia-pratico\\\/#primaryimage\"},\"thumbnailUrl\":\"https:\\\/\\\/saladacoordenadora.com.br\\\/site\\\/wp-content\\\/uploads\\\/2024\\\/10\\\/mockup-capa-1024x683.png\",\"datePublished\":\"2025-09-03T20:26:50+00:00\",\"dateModified\":\"2025-10-07T19:55:51+00:00\",\"breadcrumb\":{\"@id\":\"https:\\\/\\\/saladacoordenadora.com.br\\\/site\\\/guia-pratico\\\/#breadcrumb\"},\"inLanguage\":\"pt-BR\",\"potentialAction\":[{\"@type\":\"ReadAction\",\"target\":[\"https:\\\/\\\/saladacoordenadora.com.br\\\/site\\\/guia-pratico\\\/\"]}]},{\"@type\":\"ImageObject\",\"inLanguage\":\"pt-BR\",\"@id\":\"https:\\\/\\\/saladacoordenadora.com.br\\\/site\\\/guia-pratico\\\/#primaryimage\",\"url\":\"https:\\\/\\\/saladacoordenadora.com.br\\\/site\\\/wp-content\\\/uploads\\\/2024\\\/10\\\/mockup-capa.png\",\"contentUrl\":\"https:\\\/\\\/saladacoordenadora.com.br\\\/site\\\/wp-content\\\/uploads\\\/2024\\\/10\\\/mockup-capa.png\",\"width\":3000,\"height\":2000,\"caption\":\"rerer\"},{\"@type\":\"BreadcrumbList\",\"@id\":\"https:\\\/\\\/saladacoordenadora.com.br\\\/site\\\/guia-pratico\\\/#breadcrumb\",\"itemListElement\":[{\"@type\":\"ListItem\",\"position\":1,\"name\":\"In\u00edcio\",\"item\":\"https:\\\/\\\/saladacoordenadora.com.br\\\/site\\\/\"},{\"@type\":\"ListItem\",\"position\":2,\"name\":\"[LOJA] Guia pr\u00e1tico da Forma\u00e7\u00e3o Continuada\"}]},{\"@type\":\"WebSite\",\"@id\":\"https:\\\/\\\/saladacoordenadora.com.br\\\/site\\\/#website\",\"url\":\"https:\\\/\\\/saladacoordenadora.com.br\\\/site\\\/\",\"name\":\"Sala da Coordenadora\",\"description\":\"por Mariana Tombolato\",\"publisher\":{\"@id\":\"https:\\\/\\\/saladacoordenadora.com.br\\\/site\\\/#organization\"},\"potentialAction\":[{\"@type\":\"SearchAction\",\"target\":{\"@type\":\"EntryPoint\",\"urlTemplate\":\"https:\\\/\\\/saladacoordenadora.com.br\\\/site\\\/?s={search_term_string}\"},\"query-input\":{\"@type\":\"PropertyValueSpecification\",\"valueRequired\":true,\"valueName\":\"search_term_string\"}}],\"inLanguage\":\"pt-BR\"},{\"@type\":\"Organization\",\"@id\":\"https:\\\/\\\/saladacoordenadora.com.br\\\/site\\\/#organization\",\"name\":\"Sala da Coordenadora\",\"url\":\"https:\\\/\\\/saladacoordenadora.com.br\\\/site\\\/\",\"logo\":{\"@type\":\"ImageObject\",\"inLanguage\":\"pt-BR\",\"@id\":\"https:\\\/\\\/saladacoordenadora.com.br\\\/site\\\/#\\\/schema\\\/logo\\\/image\\\/\",\"url\":\"https:\\\/\\\/saladacoordenadora.com.br\\\/site\\\/wp-content\\\/uploads\\\/2024\\\/09\\\/icon.png\",\"contentUrl\":\"https:\\\/\\\/saladacoordenadora.com.br\\\/site\\\/wp-content\\\/uploads\\\/2024\\\/09\\\/icon.png\",\"width\":510,\"height\":434,\"caption\":\"Sala da Coordenadora\"},\"image\":{\"@id\":\"https:\\\/\\\/saladacoordenadora.com.br\\\/site\\\/#\\\/schema\\\/logo\\\/image\\\/\"},\"sameAs\":[\"https:\\\/\\\/www.facebook.com\\\/saladacoordenadora\\\/\",\"https:\\\/\\\/www.instagram.com\\\/saladacoordenadora\\\/\"],\"description\":\"Solu\u00e7\u00f5es em Gest\u00e3o Escolar\",\"email\":\"mariana@saladacoordenadora.com.br\",\"telephone\":\"(14)\u00a099836\u20118687\u202c\",\"legalName\":\"Sala da Coordenadora Ensino & Educa\u00e7\u00e3o\",\"foundingDate\":\"2020-08-05\",\"vatID\":\"37.983.407\\\/0001-96\"}]}<\/script>\n<!-- \/ Yoast SEO Premium plugin. -->","yoast_head_json":{"title":"[LOJA] Guia pr\u00e1tico da Forma\u00e7\u00e3o Continuada &#8212; Sala da Coordenadora","robots":{"index":"index","follow":"follow","max-snippet":"max-snippet:-1","max-image-preview":"max-image-preview:large","max-video-preview":"max-video-preview:-1"},"canonical":"https:\/\/saladacoordenadora.com.br\/site\/guia-pratico\/","og_locale":"pt_BR","og_type":"article","og_title":"[LOJA] Guia pr\u00e1tico da Forma\u00e7\u00e3o Continuada","og_description":"Guia pr\u00e1tico da Forma\u00e7\u00e3o Continuada R$23,90 Aprenda a organizar e conduzir 4 forma\u00e7\u00f5es pedag\u00f3gicas completas com o nosso material!Criado para coordenadoras pedag\u00f3gicas, este material oferece&nbsp;forma\u00e7\u00f5es prontas&nbsp;sobre temas essenciais para o desenvolvimento docente. Voc\u00ea encontrar\u00e1: Al\u00e9m disso, o e-book oferece&nbsp;modelos de pauta&nbsp;e&nbsp;exemplos de objetivos&nbsp;claros para cada forma\u00e7\u00e3o, tornando o seu trabalho mais simples e objetivo.","og_url":"https:\/\/saladacoordenadora.com.br\/site\/guia-pratico\/","og_site_name":"Sala da Coordenadora","article_publisher":"https:\/\/www.facebook.com\/saladacoordenadora\/","article_modified_time":"2025-10-07T19:55:51+00:00","og_image":[{"width":1024,"height":683,"url":"https:\/\/saladacoordenadora.com.br\/site\/wp-content\/uploads\/2024\/10\/mockup-capa-1024x683.png","type":"image\/png"}],"twitter_card":"summary_large_image","twitter_misc":{"Est. tempo de leitura":"3 minutos"},"schema":{"@context":"https:\/\/schema.org","@graph":[{"@type":"WebPage","@id":"https:\/\/saladacoordenadora.com.br\/site\/guia-pratico\/","url":"https:\/\/saladacoordenadora.com.br\/site\/guia-pratico\/","name":"[LOJA] Guia pr\u00e1tico da Forma\u00e7\u00e3o Continuada &#8212; Sala da Coordenadora","isPartOf":{"@id":"https:\/\/saladacoordenadora.com.br\/site\/#website"},"primaryImageOfPage":{"@id":"https:\/\/saladacoordenadora.com.br\/site\/guia-pratico\/#primaryimage"},"image":{"@id":"https:\/\/saladacoordenadora.com.br\/site\/guia-pratico\/#primaryimage"},"thumbnailUrl":"https:\/\/saladacoordenadora.com.br\/site\/wp-content\/uploads\/2024\/10\/mockup-capa-1024x683.png","datePublished":"2025-09-03T20:26:50+00:00","dateModified":"2025-10-07T19:55:51+00:00","breadcrumb":{"@id":"https:\/\/saladacoordenadora.com.br\/site\/guia-pratico\/#breadcrumb"},"inLanguage":"pt-BR","potentialAction":[{"@type":"ReadAction","target":["https:\/\/saladacoordenadora.com.br\/site\/guia-pratico\/"]}]},{"@type":"ImageObject","inLanguage":"pt-BR","@id":"https:\/\/saladacoordenadora.com.br\/site\/guia-pratico\/#primaryimage","url":"https:\/\/saladacoordenadora.com.br\/site\/wp-content\/uploads\/2024\/10\/mockup-capa.png","contentUrl":"https:\/\/saladacoordenadora.com.br\/site\/wp-content\/uploads\/2024\/10\/mockup-capa.png","width":3000,"height":2000,"caption":"rerer"},{"@type":"BreadcrumbList","@id":"https:\/\/saladacoordenadora.com.br\/site\/guia-pratico\/#breadcrumb","itemListElement":[{"@type":"ListItem","position":1,"name":"In\u00edcio","item":"https:\/\/saladacoordenadora.com.br\/site\/"},{"@type":"ListItem","position":2,"name":"[LOJA] Guia pr\u00e1tico da Forma\u00e7\u00e3o Continuada"}]},{"@type":"WebSite","@id":"https:\/\/saladacoordenadora.com.br\/site\/#website","url":"https:\/\/saladacoordenadora.com.br\/site\/","name":"Sala da Coordenadora","description":"por Mariana Tombolato","publisher":{"@id":"https:\/\/saladacoordenadora.com.br\/site\/#organization"},"potentialAction":[{"@type":"SearchAction","target":{"@type":"EntryPoint","urlTemplate":"https:\/\/saladacoordenadora.com.br\/site\/?s={search_term_string}"},"query-input":{"@type":"PropertyValueSpecification","valueRequired":true,"valueName":"search_term_string"}}],"inLanguage":"pt-BR"},{"@type":"Organization","@id":"https:\/\/saladacoordenadora.com.br\/site\/#organization","name":"Sala da Coordenadora","url":"https:\/\/saladacoordenadora.com.br\/site\/","logo":{"@type":"ImageObject","inLanguage":"pt-BR","@id":"https:\/\/saladacoordenadora.com.br\/site\/#\/schema\/logo\/image\/","url":"https:\/\/saladacoordenadora.com.br\/site\/wp-content\/uploads\/2024\/09\/icon.png","contentUrl":"https:\/\/saladacoordenadora.com.br\/site\/wp-content\/uploads\/2024\/09\/icon.png","width":510,"height":434,"caption":"Sala da Coordenadora"},"image":{"@id":"https:\/\/saladacoordenadora.com.br\/site\/#\/schema\/logo\/image\/"},"sameAs":["https:\/\/www.facebook.com\/saladacoordenadora\/","https:\/\/www.instagram.com\/saladacoordenadora\/"],"description":"Solu\u00e7\u00f5es em Gest\u00e3o Escolar","email":"mariana@saladacoordenadora.com.br","telephone":"(14)\u00a099836\u20118687\u202c","legalName":"Sala da Coordenadora Ensino & Educa\u00e7\u00e3o","foundingDate":"2020-08-05","vatID":"37.983.407\/0001-96"}]}},"_links":{"self":[{"href":"https:\/\/saladacoordenadora.com.br\/site\/wp-json\/wp\/v2\/pages\/6269","targetHints":{"allow":["GET"]}}],"collection":[{"href":"https:\/\/saladacoordenadora.com.br\/site\/wp-json\/wp\/v2\/pages"}],"about":[{"href":"https:\/\/saladacoordenadora.com.br\/site\/wp-json\/wp\/v2\/types\/page"}],"author":[{"embeddable":true,"href":"https:\/\/saladacoordenadora.com.br\/site\/wp-json\/wp\/v2\/users\/1"}],"replies":[{"embeddable":true,"href":"https:\/\/saladacoordenadora.com.br\/site\/wp-json\/wp\/v2\/comments?post=6269"}],"version-history":[{"count":3,"href":"https:\/\/saladacoordenadora.com.br\/site\/wp-json\/wp\/v2\/pages\/6269\/revisions"}],"predecessor-version":[{"id":6463,"href":"https:\/\/saladacoordenadora.com.br\/site\/wp-json\/wp\/v2\/pages\/6269\/revisions\/6463"}],"wp:attachment":[{"href":"https:\/\/saladacoordenadora.com.br\/site\/wp-json\/wp\/v2\/media?parent=6269"}],"curies":[{"name":"wp","href":"https:\/\/api.w.org\/{rel}","templated":true}]}}