{"id":6067,"date":"2025-07-23T16:11:11","date_gmt":"2025-07-23T19:11:11","guid":{"rendered":"https:\/\/saladacoordenadora.com.br\/site\/?page_id=6067"},"modified":"2025-10-07T11:54:08","modified_gmt":"2025-10-07T14:54:08","slug":"como-acessar-seus-materiais","status":"publish","type":"page","link":"https:\/\/saladacoordenadora.com.br\/site\/como-acessar-seus-materiais\/","title":{"rendered":"Como acessar seus materiais"},"content":{"rendered":"\n<h2 class=\"wp-block-heading\" id=\"h-ola-coordenadora-que-bom-ter-voce-aqui\">Ol\u00e1, Coordenadora! Que bom ter voc\u00ea aqui!<\/h2>\n\n\n\n<p>Se voc\u00ea finalizou uma compra no site da Sala da Coordenadora, fique tranquila! Sabemos que voc\u00ea est\u00e1 ansiosa para acessar seus materiais, e a boa not\u00edcia \u00e9 que o processo \u00e9 muito f\u00e1cil e r\u00e1pido.<\/p>\n\n\n\n<div style=\"height:50px\" aria-hidden=\"true\" class=\"wp-block-spacer\"><\/div>\n\n\n\n<h3 class=\"wp-block-heading\" id=\"h-para-acessar-seus-materiais\">Para acessar seus materiais:<\/h3>\n\n\n\n<ol class=\"wp-block-list\">\n<li>Acesse a plataforma: <a href=\"https:\/\/minhasala.saladacoordenadora.com.br\" target=\"_blank\" rel=\"noreferrer noopener\">minhasala.saladacoordenadora.com.br<\/a><\/li>\n\n\n\n<li>Fa\u00e7a login com o e-mail e a senha cadastrados no momento da compra.<\/li>\n\n\n\n<li>Ap\u00f3s o login, voc\u00ea ser\u00e1 direcionada \u00e0 sua \u00c1rea do Aluno, onde todos os materiais adquiridos estar\u00e3o dispon\u00edveis para download.<\/li>\n<\/ol>\n\n\n\n<div style=\"height:50px\" aria-hidden=\"true\" class=\"wp-block-spacer\"><\/div>\n\n\n\n<p><strong>Importante:<\/strong> Seu login e senha s\u00e3o os mesmos informados no momento da compra. Caso tenha esquecido a senha, n\u00e3o se preocupe! Basta clicar em \u201cEsqueci minha senha\u201d na p\u00e1gina de login e seguir as instru\u00e7\u00f5es para redefini-la.<\/p>\n\n\n\n<p>Logo depois que sua compra foi confirmada, enviamos um e-mail com todas as instru\u00e7\u00f5es de acesso. D\u00e1 uma olhadinha na sua caixa de entrada! \u00c0s vezes, ele pode acabar na pasta de spam ou promo\u00e7\u00f5es, ent\u00e3o vale a pena dar uma conferida por l\u00e1 tamb\u00e9m, t\u00e1?<\/p>\n\n\n\n<div style=\"height:50px\" aria-hidden=\"true\" class=\"wp-block-spacer\"><\/div>\n\n\n\n<h3 class=\"wp-block-heading\">Ainda com d\u00favidas?<\/h3>\n\n\n\n<p>Se tiver qualquer dificuldade ou precisar de ajuda, n\u00e3o hesite em nos chamar! Estamos prontas para te ajudar com o que for preciso:<\/p>\n\n\n\n<p><strong>E-mail:<\/strong> <a href=\"mailto:mariana@saladacoordenadora.com.br\" target=\"_blank\" rel=\"noreferrer noopener\">mariana@saladacoordenadora.com.br<\/a><\/p>\n\n\n\n<p><strong>WhatsApp: <\/strong>(14) 99836\u20118687<\/p>\n\n\n\n<p><strong>\u00c9 uma alegria imensa ter voc\u00ea fazendo parte da nossa comunidade. <\/strong><br>Espero, de verdade, que os materiais que voc\u00ea encontrou aqui no <strong>Sala da Coordenadora <\/strong>fa\u00e7am toda a diferen\u00e7a na sua jornada e te ajudem a brilhar ainda mais na coordena\u00e7\u00e3o pedag\u00f3gica. Conte sempre com a gente!<\/p>\n\n\n\n<div style=\"height:50px\" aria-hidden=\"true\" class=\"wp-block-spacer\"><\/div>\n\n\n\n<hr class=\"wp-block-separator has-alpha-channel-opacity\"\/>\n\n\n\n<p><strong>Observa\u00e7\u00e3o:<\/strong> Para acessar a plataforma antiga (para compras realizadas antes de 2025), visite: <a href=\"https:\/\/www.saladacoordenadora.com.br\/site\/minha-conta\" target=\"_blank\" rel=\"noreferrer noopener\">www.saladacoordenadora.com.br\/site\/minha-conta<\/a><\/p>\n\n\n\n<p><\/p>\n","protected":false},"excerpt":{"rendered":"<p>Ol\u00e1, Coordenadora! Que bom ter voc\u00ea aqui! Se voc\u00ea finalizou uma compra no site da Sala da Coordenadora, fique tranquila! Sabemos que voc\u00ea est\u00e1 ansiosa para acessar seus materiais, e a boa not\u00edcia \u00e9 que o processo \u00e9 muito f\u00e1cil e r\u00e1pido. Para acessar seus materiais: Importante: Seu login e senha s\u00e3o os mesmos informados &hellip; <\/p>\n","protected":false},"author":1,"featured_media":0,"parent":0,"menu_order":0,"comment_status":"closed","ping_status":"closed","template":"","meta":{"footnotes":""},"class_list":["post-6067","page","type-page","status-publish","hentry"],"yoast_head":"<!-- This site is optimized with the Yoast SEO Premium plugin v24.5 (Yoast SEO v27.5) - https:\/\/yoast.com\/product\/yoast-seo-premium-wordpress\/ -->\n<title>Como acessar seus materiais &#8212; Sala da Coordenadora<\/title>\n<meta name=\"robots\" content=\"index, follow, max-snippet:-1, max-image-preview:large, max-video-preview:-1\" \/>\n<link rel=\"canonical\" href=\"https:\/\/saladacoordenadora.com.br\/site\/como-acessar-seus-materiais\/\" \/>\n<meta property=\"og:locale\" content=\"pt_BR\" \/>\n<meta property=\"og:type\" content=\"article\" \/>\n<meta property=\"og:title\" content=\"Como acessar seus materiais\" \/>\n<meta property=\"og:description\" content=\"Ol\u00e1, Coordenadora! Que bom ter voc\u00ea aqui! Se voc\u00ea finalizou uma compra no site da Sala da Coordenadora, fique tranquila! Sabemos que voc\u00ea est\u00e1 ansiosa para acessar seus materiais, e a boa not\u00edcia \u00e9 que o processo \u00e9 muito f\u00e1cil e r\u00e1pido. Para acessar seus materiais: Importante: Seu login e senha s\u00e3o os mesmos informados &hellip;\" \/>\n<meta property=\"og:url\" content=\"https:\/\/saladacoordenadora.com.br\/site\/como-acessar-seus-materiais\/\" \/>\n<meta property=\"og:site_name\" content=\"Sala da Coordenadora\" \/>\n<meta property=\"article:publisher\" content=\"https:\/\/www.facebook.com\/saladacoordenadora\/\" \/>\n<meta property=\"article:modified_time\" content=\"2025-10-07T14:54:08+00:00\" \/>\n<meta name=\"twitter:card\" content=\"summary_large_image\" \/>\n<meta name=\"twitter:label1\" content=\"Est. tempo de leitura\" \/>\n\t<meta name=\"twitter:data1\" content=\"2 minutos\" \/>\n<script type=\"application\/ld+json\" class=\"yoast-schema-graph\">{\"@context\":\"https:\\\/\\\/schema.org\",\"@graph\":[{\"@type\":\"WebPage\",\"@id\":\"https:\\\/\\\/saladacoordenadora.com.br\\\/site\\\/como-acessar-seus-materiais\\\/\",\"url\":\"https:\\\/\\\/saladacoordenadora.com.br\\\/site\\\/como-acessar-seus-materiais\\\/\",\"name\":\"Como acessar seus materiais &#8212; Sala da Coordenadora\",\"isPartOf\":{\"@id\":\"https:\\\/\\\/saladacoordenadora.com.br\\\/site\\\/#website\"},\"datePublished\":\"2025-07-23T19:11:11+00:00\",\"dateModified\":\"2025-10-07T14:54:08+00:00\",\"breadcrumb\":{\"@id\":\"https:\\\/\\\/saladacoordenadora.com.br\\\/site\\\/como-acessar-seus-materiais\\\/#breadcrumb\"},\"inLanguage\":\"pt-BR\",\"potentialAction\":[{\"@type\":\"ReadAction\",\"target\":[\"https:\\\/\\\/saladacoordenadora.com.br\\\/site\\\/como-acessar-seus-materiais\\\/\"]}]},{\"@type\":\"BreadcrumbList\",\"@id\":\"https:\\\/\\\/saladacoordenadora.com.br\\\/site\\\/como-acessar-seus-materiais\\\/#breadcrumb\",\"itemListElement\":[{\"@type\":\"ListItem\",\"position\":1,\"name\":\"In\u00edcio\",\"item\":\"https:\\\/\\\/saladacoordenadora.com.br\\\/site\\\/\"},{\"@type\":\"ListItem\",\"position\":2,\"name\":\"Como acessar seus materiais\"}]},{\"@type\":\"WebSite\",\"@id\":\"https:\\\/\\\/saladacoordenadora.com.br\\\/site\\\/#website\",\"url\":\"https:\\\/\\\/saladacoordenadora.com.br\\\/site\\\/\",\"name\":\"Sala da Coordenadora\",\"description\":\"por Mariana Tombolato\",\"publisher\":{\"@id\":\"https:\\\/\\\/saladacoordenadora.com.br\\\/site\\\/#organization\"},\"potentialAction\":[{\"@type\":\"SearchAction\",\"target\":{\"@type\":\"EntryPoint\",\"urlTemplate\":\"https:\\\/\\\/saladacoordenadora.com.br\\\/site\\\/?s={search_term_string}\"},\"query-input\":{\"@type\":\"PropertyValueSpecification\",\"valueRequired\":true,\"valueName\":\"search_term_string\"}}],\"inLanguage\":\"pt-BR\"},{\"@type\":\"Organization\",\"@id\":\"https:\\\/\\\/saladacoordenadora.com.br\\\/site\\\/#organization\",\"name\":\"Sala da Coordenadora\",\"url\":\"https:\\\/\\\/saladacoordenadora.com.br\\\/site\\\/\",\"logo\":{\"@type\":\"ImageObject\",\"inLanguage\":\"pt-BR\",\"@id\":\"https:\\\/\\\/saladacoordenadora.com.br\\\/site\\\/#\\\/schema\\\/logo\\\/image\\\/\",\"url\":\"https:\\\/\\\/saladacoordenadora.com.br\\\/site\\\/wp-content\\\/uploads\\\/2024\\\/09\\\/icon.png\",\"contentUrl\":\"https:\\\/\\\/saladacoordenadora.com.br\\\/site\\\/wp-content\\\/uploads\\\/2024\\\/09\\\/icon.png\",\"width\":510,\"height\":434,\"caption\":\"Sala da Coordenadora\"},\"image\":{\"@id\":\"https:\\\/\\\/saladacoordenadora.com.br\\\/site\\\/#\\\/schema\\\/logo\\\/image\\\/\"},\"sameAs\":[\"https:\\\/\\\/www.facebook.com\\\/saladacoordenadora\\\/\",\"https:\\\/\\\/www.instagram.com\\\/saladacoordenadora\\\/\"],\"description\":\"Solu\u00e7\u00f5es em Gest\u00e3o Escolar\",\"email\":\"mariana@saladacoordenadora.com.br\",\"telephone\":\"(14)\u00a099836\u20118687\u202c\",\"legalName\":\"Sala da Coordenadora Ensino & Educa\u00e7\u00e3o\",\"foundingDate\":\"2020-08-05\",\"vatID\":\"37.983.407\\\/0001-96\"}]}<\/script>\n<!-- \/ Yoast SEO Premium plugin. -->","yoast_head_json":{"title":"Como acessar seus materiais &#8212; Sala da Coordenadora","robots":{"index":"index","follow":"follow","max-snippet":"max-snippet:-1","max-image-preview":"max-image-preview:large","max-video-preview":"max-video-preview:-1"},"canonical":"https:\/\/saladacoordenadora.com.br\/site\/como-acessar-seus-materiais\/","og_locale":"pt_BR","og_type":"article","og_title":"Como acessar seus materiais","og_description":"Ol\u00e1, Coordenadora! Que bom ter voc\u00ea aqui! Se voc\u00ea finalizou uma compra no site da Sala da Coordenadora, fique tranquila! Sabemos que voc\u00ea est\u00e1 ansiosa para acessar seus materiais, e a boa not\u00edcia \u00e9 que o processo \u00e9 muito f\u00e1cil e r\u00e1pido. Para acessar seus materiais: Importante: Seu login e senha s\u00e3o os mesmos informados &hellip;","og_url":"https:\/\/saladacoordenadora.com.br\/site\/como-acessar-seus-materiais\/","og_site_name":"Sala da Coordenadora","article_publisher":"https:\/\/www.facebook.com\/saladacoordenadora\/","article_modified_time":"2025-10-07T14:54:08+00:00","twitter_card":"summary_large_image","twitter_misc":{"Est. tempo de leitura":"2 minutos"},"schema":{"@context":"https:\/\/schema.org","@graph":[{"@type":"WebPage","@id":"https:\/\/saladacoordenadora.com.br\/site\/como-acessar-seus-materiais\/","url":"https:\/\/saladacoordenadora.com.br\/site\/como-acessar-seus-materiais\/","name":"Como acessar seus materiais &#8212; Sala da Coordenadora","isPartOf":{"@id":"https:\/\/saladacoordenadora.com.br\/site\/#website"},"datePublished":"2025-07-23T19:11:11+00:00","dateModified":"2025-10-07T14:54:08+00:00","breadcrumb":{"@id":"https:\/\/saladacoordenadora.com.br\/site\/como-acessar-seus-materiais\/#breadcrumb"},"inLanguage":"pt-BR","potentialAction":[{"@type":"ReadAction","target":["https:\/\/saladacoordenadora.com.br\/site\/como-acessar-seus-materiais\/"]}]},{"@type":"BreadcrumbList","@id":"https:\/\/saladacoordenadora.com.br\/site\/como-acessar-seus-materiais\/#breadcrumb","itemListElement":[{"@type":"ListItem","position":1,"name":"In\u00edcio","item":"https:\/\/saladacoordenadora.com.br\/site\/"},{"@type":"ListItem","position":2,"name":"Como acessar seus materiais"}]},{"@type":"WebSite","@id":"https:\/\/saladacoordenadora.com.br\/site\/#website","url":"https:\/\/saladacoordenadora.com.br\/site\/","name":"Sala da Coordenadora","description":"por Mariana Tombolato","publisher":{"@id":"https:\/\/saladacoordenadora.com.br\/site\/#organization"},"potentialAction":[{"@type":"SearchAction","target":{"@type":"EntryPoint","urlTemplate":"https:\/\/saladacoordenadora.com.br\/site\/?s={search_term_string}"},"query-input":{"@type":"PropertyValueSpecification","valueRequired":true,"valueName":"search_term_string"}}],"inLanguage":"pt-BR"},{"@type":"Organization","@id":"https:\/\/saladacoordenadora.com.br\/site\/#organization","name":"Sala da Coordenadora","url":"https:\/\/saladacoordenadora.com.br\/site\/","logo":{"@type":"ImageObject","inLanguage":"pt-BR","@id":"https:\/\/saladacoordenadora.com.br\/site\/#\/schema\/logo\/image\/","url":"https:\/\/saladacoordenadora.com.br\/site\/wp-content\/uploads\/2024\/09\/icon.png","contentUrl":"https:\/\/saladacoordenadora.com.br\/site\/wp-content\/uploads\/2024\/09\/icon.png","width":510,"height":434,"caption":"Sala da Coordenadora"},"image":{"@id":"https:\/\/saladacoordenadora.com.br\/site\/#\/schema\/logo\/image\/"},"sameAs":["https:\/\/www.facebook.com\/saladacoordenadora\/","https:\/\/www.instagram.com\/saladacoordenadora\/"],"description":"Solu\u00e7\u00f5es em Gest\u00e3o Escolar","email":"mariana@saladacoordenadora.com.br","telephone":"(14)\u00a099836\u20118687\u202c","legalName":"Sala da Coordenadora Ensino & Educa\u00e7\u00e3o","foundingDate":"2020-08-05","vatID":"37.983.407\/0001-96"}]}},"_links":{"self":[{"href":"https:\/\/saladacoordenadora.com.br\/site\/wp-json\/wp\/v2\/pages\/6067","targetHints":{"allow":["GET"]}}],"collection":[{"href":"https:\/\/saladacoordenadora.com.br\/site\/wp-json\/wp\/v2\/pages"}],"about":[{"href":"https:\/\/saladacoordenadora.com.br\/site\/wp-json\/wp\/v2\/types\/page"}],"author":[{"embeddable":true,"href":"https:\/\/saladacoordenadora.com.br\/site\/wp-json\/wp\/v2\/users\/1"}],"replies":[{"embeddable":true,"href":"https:\/\/saladacoordenadora.com.br\/site\/wp-json\/wp\/v2\/comments?post=6067"}],"version-history":[{"count":4,"href":"https:\/\/saladacoordenadora.com.br\/site\/wp-json\/wp\/v2\/pages\/6067\/revisions"}],"predecessor-version":[{"id":6423,"href":"https:\/\/saladacoordenadora.com.br\/site\/wp-json\/wp\/v2\/pages\/6067\/revisions\/6423"}],"wp:attachment":[{"href":"https:\/\/saladacoordenadora.com.br\/site\/wp-json\/wp\/v2\/media?parent=6067"}],"curies":[{"name":"wp","href":"https:\/\/api.w.org\/{rel}","templated":true}]}}